{"id":233148,"date":"2023-05-15T16:05:14","date_gmt":"2023-05-15T19:05:14","guid":{"rendered":"https:\/\/www.livrariarema.com.br\/loja\/produtos\/sem categoria\/cantares-para-casais-david-merkh\/"},"modified":"2026-03-13T16:59:46","modified_gmt":"2026-03-13T19:59:46","slug":"cantares-para-casais-david-merkh","status":"publish","type":"product","link":"https:\/\/www.livrariarema.com.br\/loja\/produtos\/livros\/casamento\/cantares-para-casais-david-merkh\/","title":{"rendered":"Cantares Para Casais &#8211; David Merkh"},"content":{"rendered":"<p>O livro de cantares, ou C\u00e2ntico dos C\u00e2nticos, talvez seja o livro mais mal interpretado da B\u00edblia. Por s\u00e9culos, foi lido como mera alegoria do amor entre Cristo e a igreja, de modo a ofuscar o que Deus fala sobre a sua vontade para o relacionamento amoroso entre o homem e a mulher.<\/p>\n<p>Cantares se faz altamente necess\u00e1rio em dias em que a institui\u00e7\u00e3o divina da fam\u00edlia tem sido pervertida de todos os lados. Pastores e lideres de minist\u00e9rios de casais precisam pregar e ensinar esse livro. Casais precisam aprofundar a aprecia\u00e7\u00e3o mutua atrav\u00e9s dele. Jovens precisam dele para entender a seriedade e a beleza do amor rom\u00e2ntico. Os pais podem utiliza-lo na orienta\u00e7\u00e3o dos filhos.<\/p>\n<p>Siga a historia rom\u00e2ntica de Salom\u00e3o e a Sulamita desde o noivado at\u00e9 as n\u00fapcias, desde a tens\u00e3o e do conflito depois da lua de mel at\u00e9 a reconcilia\u00e7\u00e3o e o aprofundamento do amor.<\/p>\n<p>Aprenda princ\u00edpios b\u00edblicos, expressos em forma po\u00e9tica e l\u00edrica, que transformar\u00e3o para sempre seus conceitos de amor, romance, casamento e sexo.<\/p>\n","protected":false},"excerpt":{"rendered":"<p>O livro de cantares, ou C\u00e2ntico dos C\u00e2nticos, talvez seja o livro mais mal interpretado da B\u00edblia. Por s\u00e9culos, foi&hellip;<\/p>\n","protected":false},"featured_media":346144,"comment_status":"open","ping_status":"closed","template":"","meta":[],"product_cat":[155,134],"product_tag":[],"_links":{"self":[{"href":"https:\/\/www.livrariarema.com.br\/loja\/wp-json\/wp\/v2\/product\/233148"}],"collection":[{"href":"https:\/\/www.livrariarema.com.br\/loja\/wp-json\/wp\/v2\/product"}],"about":[{"href":"https:\/\/www.livrariarema.com.br\/loja\/wp-json\/wp\/v2\/types\/product"}],"replies":[{"embeddable":true,"href":"https:\/\/www.livrariarema.com.br\/loja\/wp-json\/wp\/v2\/comments?post=233148"}],"wp:featuredmedia":[{"embeddable":true,"href":"https:\/\/www.livrariarema.com.br\/loja\/wp-json\/wp\/v2\/media\/346144"}],"wp:attachment":[{"href":"https:\/\/www.livrariarema.com.br\/loja\/wp-json\/wp\/v2\/media?parent=233148"}],"wp:term":[{"taxonomy":"product_cat","embeddable":true,"href":"https:\/\/www.livrariarema.com.br\/loja\/wp-json\/wp\/v2\/product_cat?post=233148"},{"taxonomy":"product_tag","embeddable":true,"href":"https:\/\/www.livrariarema.com.br\/loja\/wp-json\/wp\/v2\/product_tag?post=233148"}],"curies":[{"name":"wp","href":"https:\/\/api.w.org\/{rel}","templated":true}]}}