{"id":236370,"date":"2023-06-07T10:08:29","date_gmt":"2023-06-07T13:08:29","guid":{"rendered":"https:\/\/www.livrariarema.com.br\/loja\/produtos\/sem categoria\/voce-acredita-paul-david-tripp\/"},"modified":"2026-02-20T13:42:46","modified_gmt":"2026-02-20T16:42:46","slug":"voce-acredita-paul-david-tripp","status":"publish","type":"product","link":"https:\/\/www.livrariarema.com.br\/loja\/produtos\/promocao\/livros-promocao\/voce-acredita-paul-david-tripp\/","title":{"rendered":"Voc\u00ea Acredita? &#8211; Paul David Tripp"},"content":{"rendered":"<p>As doutrinas &#8211; aquilo que sabemos e confessamos ser verdade sobre Deus &#8211; s\u00e3o cruciais para a vida espiritual de todo crente.<\/p>\n<p>Compreender as doutrinas b\u00edblicas n\u00e3o s\u00f3 nos ajuda a aprender mais sobre Deus, elas mudam radicalmente nosso cora\u00e7\u00e3o. Contudo, ao olhar de forma bem realista, existe uma lacuna entre aquilo em que dizemos crer e o modo como agimos em nosso dia a dia, podendo nos levar a pecar e nos deixar desencorajados.<\/p>\n<p>Nesta obra, o autor de grandes best-sellers Paul David Tripp examina doze doutrinas centrais que todo crist\u00e3o deve conhecer. Ao aprender a colocar as doutrinas em pr\u00e1tica tornando-as um estilo de vida &#8211; n\u00e3o meras ideologias &#8211; acabamos com essa lacuna entre o que cremos e como vivemos e agimos. \u00c9 dessa forma que o evangelho molda a n\u00f3s e as escolhas que fazemos no dia a dia.<\/p>\n","protected":false},"excerpt":{"rendered":"<p>As doutrinas &#8211; aquilo que sabemos e confessamos ser verdade sobre Deus &#8211; s\u00e3o cruciais para a vida espiritual de&hellip;<\/p>\n","protected":false},"featured_media":345117,"comment_status":"open","ping_status":"closed","template":"","meta":[],"product_cat":[143,142],"product_tag":[],"_links":{"self":[{"href":"https:\/\/www.livrariarema.com.br\/loja\/wp-json\/wp\/v2\/product\/236370"}],"collection":[{"href":"https:\/\/www.livrariarema.com.br\/loja\/wp-json\/wp\/v2\/product"}],"about":[{"href":"https:\/\/www.livrariarema.com.br\/loja\/wp-json\/wp\/v2\/types\/product"}],"replies":[{"embeddable":true,"href":"https:\/\/www.livrariarema.com.br\/loja\/wp-json\/wp\/v2\/comments?post=236370"}],"wp:featuredmedia":[{"embeddable":true,"href":"https:\/\/www.livrariarema.com.br\/loja\/wp-json\/wp\/v2\/media\/345117"}],"wp:attachment":[{"href":"https:\/\/www.livrariarema.com.br\/loja\/wp-json\/wp\/v2\/media?parent=236370"}],"wp:term":[{"taxonomy":"product_cat","embeddable":true,"href":"https:\/\/www.livrariarema.com.br\/loja\/wp-json\/wp\/v2\/product_cat?post=236370"},{"taxonomy":"product_tag","embeddable":true,"href":"https:\/\/www.livrariarema.com.br\/loja\/wp-json\/wp\/v2\/product_tag?post=236370"}],"curies":[{"name":"wp","href":"https:\/\/api.w.org\/{rel}","templated":true}]}}