{"id":236494,"date":"2023-06-07T11:53:46","date_gmt":"2023-06-07T14:53:46","guid":{"rendered":"https:\/\/www.livrariarema.com.br\/loja\/produtos\/sem categoria\/caneca-de-porcelana-urban-300ml-formatura\/"},"modified":"2026-04-28T09:22:11","modified_gmt":"2026-04-28T12:22:11","slug":"caneca-de-porcelana-urban-300ml-formatura","status":"publish","type":"product","link":"https:\/\/www.livrariarema.com.br\/loja\/produtos\/diversos\/caneca\/caneca-de-porcelana-urban-300ml-formatura\/","title":{"rendered":"Caneca De Porcelana &#8211; Urban 300Ml &#8211; Formatura"},"content":{"rendered":"<p>A CANECA PORCELANA URBAN 360ML &#8211; COMEMORA\u00c7\u00c3O FORMATURA \u00e9 perfeita para os paulistas mais apaixonados demonstrarem todo o carinho pelo seu time do cora\u00e7\u00e3o. Ela \u00e9 fabricada em porcelana de alta qualidade que garante maior durabilidade durante seu uso. Ela \u00e9 perfeita para voc\u00ea apreciar sua bebida favorita de um jeito todo especial.<\/p>\n<p>A Linha de CANECA PORCELANA URBAN \u00e9 um item essencial no seu caf\u00e9 da manh\u00e3, al\u00e9m disso voc\u00ea pode us\u00e1-la como porta treco, porta l\u00e1pis ou presentear algu\u00e9m especial.<\/p>\n<p>Caracter\u00edsticas:<br \/>\nAltura: 9 cm<br \/>\nDi\u00e2metro: 8.5 cm<br \/>\nCapacidade: 300 ml<br \/>\nCont\u00e9m: 1 caneca<\/p>\n<p>Cuidados:<br \/>\nLavar com \u00e1gua e sab\u00e3o neutro<br \/>\nN\u00e3o utilizar produtos qu\u00edmicos e abrasivos<br \/>\nImpactos podem danificar o produto<\/p>\n","protected":false},"excerpt":{"rendered":"<p>A CANECA PORCELANA URBAN 360ML &#8211; COMEMORA\u00c7\u00c3O FORMATURA \u00e9 perfeita para os paulistas mais apaixonados demonstrarem todo o carinho pelo&hellip;<\/p>\n","protected":false},"featured_media":347311,"comment_status":"open","ping_status":"closed","template":"","meta":[],"product_cat":[235,132],"product_tag":[],"_links":{"self":[{"href":"https:\/\/www.livrariarema.com.br\/loja\/wp-json\/wp\/v2\/product\/236494"}],"collection":[{"href":"https:\/\/www.livrariarema.com.br\/loja\/wp-json\/wp\/v2\/product"}],"about":[{"href":"https:\/\/www.livrariarema.com.br\/loja\/wp-json\/wp\/v2\/types\/product"}],"replies":[{"embeddable":true,"href":"https:\/\/www.livrariarema.com.br\/loja\/wp-json\/wp\/v2\/comments?post=236494"}],"wp:featuredmedia":[{"embeddable":true,"href":"https:\/\/www.livrariarema.com.br\/loja\/wp-json\/wp\/v2\/media\/347311"}],"wp:attachment":[{"href":"https:\/\/www.livrariarema.com.br\/loja\/wp-json\/wp\/v2\/media?parent=236494"}],"wp:term":[{"taxonomy":"product_cat","embeddable":true,"href":"https:\/\/www.livrariarema.com.br\/loja\/wp-json\/wp\/v2\/product_cat?post=236494"},{"taxonomy":"product_tag","embeddable":true,"href":"https:\/\/www.livrariarema.com.br\/loja\/wp-json\/wp\/v2\/product_tag?post=236494"}],"curies":[{"name":"wp","href":"https:\/\/api.w.org\/{rel}","templated":true}]}}