{"id":236704,"date":"2023-06-07T15:57:16","date_gmt":"2023-06-07T18:57:16","guid":{"rendered":"https:\/\/www.livrariarema.com.br\/loja\/produtos\/sem categoria\/copo-termico-stone-azul-escuro\/"},"modified":"2023-07-19T10:51:48","modified_gmt":"2023-07-19T13:51:48","slug":"copo-termico-stone-azul-escuro","status":"publish","type":"product","link":"https:\/\/www.livrariarema.com.br\/loja\/produtos\/diversos\/copo-squeeze\/copo-termico-stone-azul-escuro\/","title":{"rendered":"Copo Termico Stone &#8211; Azul Escuro"},"content":{"rendered":"<p>Para um cl\u00e1ssico chopp ou cerveja sempre gelados, o Copo Inox Stone \u00e9 o produto. Garantindo que sua bebida fique gelada at\u00e9 o \u00faltimo gole, este item tem uma grande<br \/>\ncapacidade t\u00e9rmica, mantendo a temperatura gelada por at\u00e9 6 horas e quente por at\u00e9 4 horas, isso gra\u00e7as a sua parede dupla com isolamento \u00e0 v\u00e1cuo.<\/p>\n<p>Possui v\u00e1lvula de press\u00e3o, tampa abre e fecha com um clique e detalhes em a\u00e7o escovado. Quer mais vantagem? O material do copo evita a \u00e1rea externa de suar al\u00e9m de n\u00e3o enferrujar.<\/p>\n<p>Caracter\u00edsticas:<br \/>\nAltura:19,1 cm<br \/>\nLargura: 9,1 cm<br \/>\nCapacidade: 500 ml<br \/>\nCont\u00e9m: 1 copo<\/p>\n<p>Cuidados:<br \/>\n&#8211; Lavar com \u00e1gua e sab\u00e3o neutro<br \/>\n&#8211; N\u00e3o usar produtos qu\u00edmicos ou abrasivos<br \/>\n&#8211; Choques ou quedas podem danificar o produto<br \/>\n&#8211; N\u00e3o levar ao micro-ondas ou lava lou\u00e7as<\/p>\n","protected":false},"excerpt":{"rendered":"<p>Para um cl\u00e1ssico chopp ou cerveja sempre gelados, o Copo Inox Stone \u00e9 o produto. Garantindo que sua bebida fique&hellip;<\/p>\n","protected":false},"featured_media":237470,"comment_status":"open","ping_status":"closed","template":"","meta":[],"product_cat":[234,132],"product_tag":[],"_links":{"self":[{"href":"https:\/\/www.livrariarema.com.br\/loja\/wp-json\/wp\/v2\/product\/236704"}],"collection":[{"href":"https:\/\/www.livrariarema.com.br\/loja\/wp-json\/wp\/v2\/product"}],"about":[{"href":"https:\/\/www.livrariarema.com.br\/loja\/wp-json\/wp\/v2\/types\/product"}],"replies":[{"embeddable":true,"href":"https:\/\/www.livrariarema.com.br\/loja\/wp-json\/wp\/v2\/comments?post=236704"}],"wp:featuredmedia":[{"embeddable":true,"href":"https:\/\/www.livrariarema.com.br\/loja\/wp-json\/wp\/v2\/media\/237470"}],"wp:attachment":[{"href":"https:\/\/www.livrariarema.com.br\/loja\/wp-json\/wp\/v2\/media?parent=236704"}],"wp:term":[{"taxonomy":"product_cat","embeddable":true,"href":"https:\/\/www.livrariarema.com.br\/loja\/wp-json\/wp\/v2\/product_cat?post=236704"},{"taxonomy":"product_tag","embeddable":true,"href":"https:\/\/www.livrariarema.com.br\/loja\/wp-json\/wp\/v2\/product_tag?post=236704"}],"curies":[{"name":"wp","href":"https:\/\/api.w.org\/{rel}","templated":true}]}}