{"id":236712,"date":"2023-06-07T15:57:41","date_gmt":"2023-06-07T18:57:41","guid":{"rendered":"https:\/\/www.livrariarema.com.br\/loja\/produtos\/sem%20categoria\/conjunto-2-canecas-de-porcelana-urban-300ml-amor-e-alegria\/"},"modified":"2026-04-28T09:15:35","modified_gmt":"2026-04-28T12:15:35","slug":"conjunto-2-canecas-de-porcelana-urban-300ml-amor-e-alegria","status":"publish","type":"product","link":"https:\/\/www.livrariarema.com.br\/loja\/produtos\/diversos\/caneca\/conjunto-2-canecas-de-porcelana-urban-300ml-amor-e-alegria\/","title":{"rendered":"Conjunto 2 Canecas De Porcelana &#8211; Urban 300Ml &#8211; Dindo E Dinda"},"content":{"rendered":"<p>Bem-vindo ao mundo da CANECA URBAN C\/2UN FAM\u00cdLIA &#8211; DINDO E DINDA! Este incr\u00edvel conjunto de duas canecas \u00e9 perfeito para qualquer um que queira exibir seus super dindos e ter tudo. Feitas de cer\u00e2mica de alta qualidade, estas canecas apresentam um design divertido e \u00fanico que certamente chamar\u00e1 a aten\u00e7\u00e3o. Os gr\u00e1ficos vibrantes e coloridos deixar\u00e3o os disndo com um sorriso em no rosto. Ent\u00e3o n\u00e3o espere mais &#8211; adquira logo a CANECA URBAN C\/2UN FAM\u00cdLIA &#8211; DINDO E DINDA e mostre seus super dindos hoje!<\/p>\n<p>Caracter\u00edsticas:<br \/>\nAltura unit: 9,00 cm<br \/>\nDi\u00e2metro unit: 8,5 cm<br \/>\nCapacidade unit: 300 ml<br \/>\nCont\u00e9m: 2 canecas<\/p>\n<p>Cuidados:<br \/>\nLavar com \u00e1gua e sab\u00e3o neutro<br \/>\nN\u00e3o utilizar produtos qu\u00edmicos e abrasivos<br \/>\nImpactos podem danificar o produto<\/p>\n","protected":false},"excerpt":{"rendered":"<p>Bem-vindo ao mundo da CANECA URBAN C\/2UN FAM\u00cdLIA &#8211; DINDO E DINDA! Este incr\u00edvel conjunto de duas canecas \u00e9 perfeito&hellip;<\/p>\n","protected":false},"featured_media":347280,"comment_status":"open","ping_status":"closed","template":"","meta":[],"product_cat":[235,132],"product_tag":[],"_links":{"self":[{"href":"https:\/\/www.livrariarema.com.br\/loja\/wp-json\/wp\/v2\/product\/236712"}],"collection":[{"href":"https:\/\/www.livrariarema.com.br\/loja\/wp-json\/wp\/v2\/product"}],"about":[{"href":"https:\/\/www.livrariarema.com.br\/loja\/wp-json\/wp\/v2\/types\/product"}],"replies":[{"embeddable":true,"href":"https:\/\/www.livrariarema.com.br\/loja\/wp-json\/wp\/v2\/comments?post=236712"}],"wp:featuredmedia":[{"embeddable":true,"href":"https:\/\/www.livrariarema.com.br\/loja\/wp-json\/wp\/v2\/media\/347280"}],"wp:attachment":[{"href":"https:\/\/www.livrariarema.com.br\/loja\/wp-json\/wp\/v2\/media?parent=236712"}],"wp:term":[{"taxonomy":"product_cat","embeddable":true,"href":"https:\/\/www.livrariarema.com.br\/loja\/wp-json\/wp\/v2\/product_cat?post=236712"},{"taxonomy":"product_tag","embeddable":true,"href":"https:\/\/www.livrariarema.com.br\/loja\/wp-json\/wp\/v2\/product_tag?post=236712"}],"curies":[{"name":"wp","href":"https:\/\/api.w.org\/{rel}","templated":true}]}}