{"id":236719,"date":"2023-06-07T15:58:07","date_gmt":"2023-06-07T18:58:07","guid":{"rendered":"https:\/\/www.livrariarema.com.br\/loja\/produtos\/sem categoria\/copo-inox-temas-new-aquele-que-te-guarda\/"},"modified":"2025-12-10T13:31:13","modified_gmt":"2025-12-10T16:31:13","slug":"copo-inox-temas-new-aquele-que-te-guarda","status":"publish","type":"product","link":"https:\/\/www.livrariarema.com.br\/loja\/produtos\/diversos\/copo-squeeze\/copo-inox-temas-new-aquele-que-te-guarda\/","title":{"rendered":"Copo Inox Temas New &#8211; Aquele Que Te Guarda"},"content":{"rendered":"<p>O COPO PL\u00c1ST. INOX Aquele que te guarda, da linha F\u00e9 \u00e9 ideal pra levar sua bebida com voc\u00ea de uma forma super pr\u00e1tica.<br \/>\nO copo \u00e9 confeccionado em a\u00e7o inox, com veda\u00e7\u00e3o em silicone e tampa abre-fecha feito em material resistente e de alta durabilidade, com parede dupla para conservar a temperatura por mais tempo, possui base antiderrapante e BPA Free.<\/p>\n<p>Caracter\u00edsticas:<br \/>\nAltura: 17.5 cm<br \/>\nDi\u00e2metro: 8.00 cm<br \/>\nCapacidade: 350 ml<br \/>\nCont\u00e9m 1 copo<\/p>\n<p>Cuidados ao usar:<br \/>\nN\u00e3o \u00e9 hermeticamente fechado, por isso transport\u00e1-lo na posi\u00e7\u00e3o vertical<br \/>\nLavar com \u00e1gua e detergente neutro<br \/>\nImpactos podem danificar o produto<br \/>\nManusear com cuidado<br \/>\nN\u00e3o \u00e9 a prova de pequenos vazamentos<br \/>\nN\u00e3o coloque o produto no congelador<\/p>\n","protected":false},"excerpt":{"rendered":"<p>O COPO PL\u00c1ST. INOX Aquele que te guarda, da linha F\u00e9 \u00e9 ideal pra levar sua bebida com voc\u00ea de&hellip;<\/p>\n","protected":false},"featured_media":325390,"comment_status":"open","ping_status":"closed","template":"","meta":[],"product_cat":[234,132],"product_tag":[],"_links":{"self":[{"href":"https:\/\/www.livrariarema.com.br\/loja\/wp-json\/wp\/v2\/product\/236719"}],"collection":[{"href":"https:\/\/www.livrariarema.com.br\/loja\/wp-json\/wp\/v2\/product"}],"about":[{"href":"https:\/\/www.livrariarema.com.br\/loja\/wp-json\/wp\/v2\/types\/product"}],"replies":[{"embeddable":true,"href":"https:\/\/www.livrariarema.com.br\/loja\/wp-json\/wp\/v2\/comments?post=236719"}],"wp:featuredmedia":[{"embeddable":true,"href":"https:\/\/www.livrariarema.com.br\/loja\/wp-json\/wp\/v2\/media\/325390"}],"wp:attachment":[{"href":"https:\/\/www.livrariarema.com.br\/loja\/wp-json\/wp\/v2\/media?parent=236719"}],"wp:term":[{"taxonomy":"product_cat","embeddable":true,"href":"https:\/\/www.livrariarema.com.br\/loja\/wp-json\/wp\/v2\/product_cat?post=236719"},{"taxonomy":"product_tag","embeddable":true,"href":"https:\/\/www.livrariarema.com.br\/loja\/wp-json\/wp\/v2\/product_tag?post=236719"}],"curies":[{"name":"wp","href":"https:\/\/api.w.org\/{rel}","templated":true}]}}