{"id":236749,"date":"2023-06-07T15:59:56","date_gmt":"2023-06-07T18:59:56","guid":{"rendered":"https:\/\/www.livrariarema.com.br\/loja\/produtos\/sem%20categoria\/copo-plastico-termico-smart-que-seja-infinito\/"},"modified":"2023-12-04T10:36:14","modified_gmt":"2023-12-04T13:36:14","slug":"copo-plastico-termico-smart-que-seja-infinito","status":"publish","type":"product","link":"https:\/\/www.livrariarema.com.br\/loja\/produtos\/diversos\/copo-squeeze\/copo-plastico-termico-smart-que-seja-infinito\/","title":{"rendered":"Copo Pl\u00e1stico Smart &#8211; Que Seja Infinito"},"content":{"rendered":"<p>Pr\u00e1tico e super fofo, nosso COPO SMART &#8211; QUE SEJA INFINITO, \u00e9 confeccionado em material resistente e seu revestimento faz com que a temperatura da bebida se mantenha por mais tempo. Sua tampa permite que o copo seja aberto de duas formas: rosque\u00e1vel ou do modo abre-fecha.<\/p>\n<p>Caracter\u00edsticas:<br \/>\nAltura: 14,3 cm<br \/>\nLargura: 6,00 cm<br \/>\nDi\u00e2metro: 7,4 cm<br \/>\nCapacidade: 200 ml<br \/>\nCont\u00e9m: 1 copo<\/p>\n<p>Cuidados:<br \/>\nN\u00e3o \u00e9 hermeticamente fechado, por isso transport\u00e1-lo na posi\u00e7\u00e3o vertical<br \/>\nLavar com \u00e1gua e detergente neutro<br \/>\nImpactos podem danificar o produto<br \/>\nManusear com cuidado<br \/>\nN\u00e3o \u00e9 a prova de pequenos vazamentos<br \/>\nN\u00e3o coloque o produto no congelador<\/p>\n","protected":false},"excerpt":{"rendered":"<p>Pr\u00e1tico e super fofo, nosso COPO SMART &#8211; QUE SEJA INFINITO, \u00e9 confeccionado em material resistente e seu revestimento faz&hellip;<\/p>\n","protected":false},"featured_media":269154,"comment_status":"open","ping_status":"closed","template":"","meta":[],"product_cat":[234,132],"product_tag":[],"_links":{"self":[{"href":"https:\/\/www.livrariarema.com.br\/loja\/wp-json\/wp\/v2\/product\/236749"}],"collection":[{"href":"https:\/\/www.livrariarema.com.br\/loja\/wp-json\/wp\/v2\/product"}],"about":[{"href":"https:\/\/www.livrariarema.com.br\/loja\/wp-json\/wp\/v2\/types\/product"}],"replies":[{"embeddable":true,"href":"https:\/\/www.livrariarema.com.br\/loja\/wp-json\/wp\/v2\/comments?post=236749"}],"wp:featuredmedia":[{"embeddable":true,"href":"https:\/\/www.livrariarema.com.br\/loja\/wp-json\/wp\/v2\/media\/269154"}],"wp:attachment":[{"href":"https:\/\/www.livrariarema.com.br\/loja\/wp-json\/wp\/v2\/media?parent=236749"}],"wp:term":[{"taxonomy":"product_cat","embeddable":true,"href":"https:\/\/www.livrariarema.com.br\/loja\/wp-json\/wp\/v2\/product_cat?post=236749"},{"taxonomy":"product_tag","embeddable":true,"href":"https:\/\/www.livrariarema.com.br\/loja\/wp-json\/wp\/v2\/product_tag?post=236749"}],"curies":[{"name":"wp","href":"https:\/\/api.w.org\/{rel}","templated":true}]}}