{"id":236758,"date":"2023-06-07T16:00:22","date_gmt":"2023-06-07T19:00:22","guid":{"rendered":"https:\/\/www.livrariarema.com.br\/loja\/produtos\/sem categoria\/garrafa-termica-metal-350ml-seus-sonhos\/"},"modified":"2024-03-23T10:08:37","modified_gmt":"2024-03-23T13:08:37","slug":"garrafa-termica-metal-350ml-seus-sonhos","status":"publish","type":"product","link":"https:\/\/www.livrariarema.com.br\/loja\/produtos\/diversos\/garrafa-termica\/garrafa-termica-metal-350ml-seus-sonhos\/","title":{"rendered":"Garrafa T\u00e9rmica &#8211; Metal &#8211; 350Ml &#8211; Seus Sonhos"},"content":{"rendered":"<p>A GARRAFA T\u00c9RMICA METAL NEO 350ML &#8211; SEUS SONHOS proporciona praticidade e estilo na hora de transportar sua bebida.<br \/>\nEla possui um design despojado e super din\u00e2mico. Ela \u00e9 revestida com a\u00e7o inox de alta qualidade, para garantir a durabilidade e resist\u00eancia durante o uso livre de BPA. Mant\u00e9m sua bebida quentinha por at\u00e9 12 horas e sua \u00e1gua gelad\u00edssima por at\u00e9 24 horas. D\u00e1 para aproveitar sua bebida preferida sem pressa e de forma super pr\u00e1tica.<\/p>\n<p>Caracter\u00edsticas:<br \/>\nAltura: 22,5 cm<br \/>\nDi\u00e2metro: 3,5<br \/>\nLargura: 6,5 cm<br \/>\nCont\u00e9m:1 garrafa<\/p>\n<p>Cuidados:<br \/>\nEvite deixar o produto em contato com a \u00e1gua por longos per\u00edodos. Seque-o bem ao lav\u00e1-lo.<br \/>\nN\u00e3o coloque o produto no congelador.<br \/>\nCuidado ao consumir bebidas extremamente quentes. O produto pode aquecer e provocar queimaduras na pele.<br \/>\nEvite vazamentos. Carregue-o apenas na posi\u00e7\u00e3o vertical. N\u00e3o transporte em bolsas ou mochilas.<br \/>\nLave com \u00e1gua e sab\u00e3o neutro, n\u00e3o utilizar produtos qu\u00edmicos ou abrasivos.<br \/>\nN\u00e3o levar ao micro-ondas nem ao lava-lou\u00e7as.<\/p>\n","protected":false},"excerpt":{"rendered":"<p>A GARRAFA T\u00c9RMICA METAL NEO 350ML &#8211; SEUS SONHOS proporciona praticidade e estilo na hora de transportar sua bebida. Ela&hellip;<\/p>\n","protected":false},"featured_media":288698,"comment_status":"open","ping_status":"closed","template":"","meta":[],"product_cat":[132,242],"product_tag":[],"_links":{"self":[{"href":"https:\/\/www.livrariarema.com.br\/loja\/wp-json\/wp\/v2\/product\/236758"}],"collection":[{"href":"https:\/\/www.livrariarema.com.br\/loja\/wp-json\/wp\/v2\/product"}],"about":[{"href":"https:\/\/www.livrariarema.com.br\/loja\/wp-json\/wp\/v2\/types\/product"}],"replies":[{"embeddable":true,"href":"https:\/\/www.livrariarema.com.br\/loja\/wp-json\/wp\/v2\/comments?post=236758"}],"wp:featuredmedia":[{"embeddable":true,"href":"https:\/\/www.livrariarema.com.br\/loja\/wp-json\/wp\/v2\/media\/288698"}],"wp:attachment":[{"href":"https:\/\/www.livrariarema.com.br\/loja\/wp-json\/wp\/v2\/media?parent=236758"}],"wp:term":[{"taxonomy":"product_cat","embeddable":true,"href":"https:\/\/www.livrariarema.com.br\/loja\/wp-json\/wp\/v2\/product_cat?post=236758"},{"taxonomy":"product_tag","embeddable":true,"href":"https:\/\/www.livrariarema.com.br\/loja\/wp-json\/wp\/v2\/product_tag?post=236758"}],"curies":[{"name":"wp","href":"https:\/\/api.w.org\/{rel}","templated":true}]}}