{"id":236805,"date":"2023-06-07T16:43:58","date_gmt":"2023-06-07T19:43:58","guid":{"rendered":"https:\/\/www.livrariarema.com.br\/loja\/produtos\/sem categoria\/garrafa-termica-metal-500ml-curso-farmacia\/"},"modified":"2025-10-10T12:10:26","modified_gmt":"2025-10-10T15:10:26","slug":"garrafa-termica-metal-500ml-curso-farmacia","status":"publish","type":"product","link":"https:\/\/www.livrariarema.com.br\/loja\/produtos\/diversos\/garrafa-termica\/garrafa-termica-metal-500ml-curso-farmacia\/","title":{"rendered":"Garrafa T\u00e9rmica &#8211; Metal &#8211; 500Ml &#8211; Curso &#8211; Farm\u00e1cia"},"content":{"rendered":"<p>Praticidade e sofistica\u00e7\u00e3o s\u00e3o as palavras chave da GARRAFA T\u00c9RMICA METAL NEO CURSO &#8211; FARM\u00c1CIA.<br \/>\nEla possui um design despojado e super din\u00e2mico. Ela \u00e9 revestida com a\u00e7o inox de alta qualidade, para garantir a durabilidade e resist\u00eancia durante o uso. Mant\u00e9m sua bebida quentinha ou fira por at\u00e9 12 horas. D\u00e1 pra aproveitar sua bebida preferida sem pressa e de forma super pr\u00e1tica.<\/p>\n<p>Caracter\u00edsticas:<br \/>\nAltura: 25,5 cm<br \/>\nDi\u00e2metro: 7 cm<br \/>\nCont\u00e9m: 1 garrafa<\/p>\n<p>Cuidados:<br \/>\nEvite deixar o produto em contato com a \u00e1gua por longos per\u00edodos de tempo. Seque-o bem ao lav\u00e1-lo<br \/>\nN\u00e3o coloque o produto no congelador<br \/>\nCuidado ao consumir bebidas extremamente quentes. O produto pode aquecer e provocar queimaduras na pele<br \/>\nEvite vazamentos. Carregue-o apenas na posi\u00e7\u00e3o vertical. N\u00e3o transporte em bolsas ou mochilas<br \/>\nLave com \u00e1gua e sab\u00e3o neutro<br \/>\nN\u00e3o utilizar produtos qu\u00edmicos ou abrasivos<\/p>\n","protected":false},"excerpt":{"rendered":"<p>Praticidade e sofistica\u00e7\u00e3o s\u00e3o as palavras chave da GARRAFA T\u00c9RMICA METAL NEO CURSO &#8211; FARM\u00c1CIA. Ela possui um design despojado&hellip;<\/p>\n","protected":false},"featured_media":339326,"comment_status":"open","ping_status":"closed","template":"","meta":[],"product_cat":[132,242],"product_tag":[],"_links":{"self":[{"href":"https:\/\/www.livrariarema.com.br\/loja\/wp-json\/wp\/v2\/product\/236805"}],"collection":[{"href":"https:\/\/www.livrariarema.com.br\/loja\/wp-json\/wp\/v2\/product"}],"about":[{"href":"https:\/\/www.livrariarema.com.br\/loja\/wp-json\/wp\/v2\/types\/product"}],"replies":[{"embeddable":true,"href":"https:\/\/www.livrariarema.com.br\/loja\/wp-json\/wp\/v2\/comments?post=236805"}],"wp:featuredmedia":[{"embeddable":true,"href":"https:\/\/www.livrariarema.com.br\/loja\/wp-json\/wp\/v2\/media\/339326"}],"wp:attachment":[{"href":"https:\/\/www.livrariarema.com.br\/loja\/wp-json\/wp\/v2\/media?parent=236805"}],"wp:term":[{"taxonomy":"product_cat","embeddable":true,"href":"https:\/\/www.livrariarema.com.br\/loja\/wp-json\/wp\/v2\/product_cat?post=236805"},{"taxonomy":"product_tag","embeddable":true,"href":"https:\/\/www.livrariarema.com.br\/loja\/wp-json\/wp\/v2\/product_tag?post=236805"}],"curies":[{"name":"wp","href":"https:\/\/api.w.org\/{rel}","templated":true}]}}