{"id":238067,"date":"2023-06-16T12:49:16","date_gmt":"2023-06-16T15:49:16","guid":{"rendered":"https:\/\/www.livrariarema.com.br\/loja\/produtos\/sem categoria\/licoes-especiais-em-busca-do-tesouro-cartazes\/"},"modified":"2024-08-27T15:32:15","modified_gmt":"2024-08-27T18:32:15","slug":"licoes-especiais-em-busca-do-tesouro-cartazes","status":"publish","type":"product","link":"https:\/\/www.livrariarema.com.br\/loja\/produtos\/diversos\/flanelografo-e-cartazes\/licoes-especiais-em-busca-do-tesouro-cartazes\/","title":{"rendered":"Li\u00e7\u00f5es Especiais &#8211; Em Busca Do Tesouro &#8211; Cartazes"},"content":{"rendered":"<p>Uma li\u00e7\u00e3o para crian\u00e7as a partir dos 6 anos, desafiando-as a ler e obedecer \u00e0 Palavra de Deus.<\/p>\n<p>Objetivos:<br \/>\n&#8211; Que a crian\u00e7a n\u00e3o salva compreenda a mensagem do evangelho e receba Jesus como seu Salvador pessoal.<br \/>\n&#8211; Que a crian\u00e7a salva sinta o desejo de buscar os preciosos ensinos da Palavra de Deus e tome a decis\u00e3o de fazer isso diariamente.<\/p>\n<p>Observa\u00e7\u00f5es:<br \/>\n&#8211; Figuras em tamanho A4<br \/>\n&#8211; Roteiro com esbo\u00e7o da li\u00e7\u00e3o<br \/>\n&#8211; Perguntas para revis\u00e3o e sugest\u00f5es de atividades complementares<br \/>\n&#8211; Partituras das m\u00fasicas<br \/>\n&#8211; Livrinho de atividades para colorir<\/p>\n<p>Vers\u00edculo tema: Salmo 119.72 &#8211; Para mim vale mais a lei que procede de tua boa, do que milhares de ouro ou de prata.<br \/>\nC\u00e2ntico Ilustrado: Precioso Tesouro \u00e9 Jesus &#8211; vol. 1-R n\u00ba 64<\/p>\n","protected":false},"excerpt":{"rendered":"<p>Uma li\u00e7\u00e3o para crian\u00e7as a partir dos 6 anos, desafiando-as a ler e obedecer \u00e0 Palavra de Deus. Objetivos: &#8211;&hellip;<\/p>\n","protected":false},"featured_media":312733,"comment_status":"open","ping_status":"closed","template":"","meta":[],"product_cat":[132,133],"product_tag":[],"_links":{"self":[{"href":"https:\/\/www.livrariarema.com.br\/loja\/wp-json\/wp\/v2\/product\/238067"}],"collection":[{"href":"https:\/\/www.livrariarema.com.br\/loja\/wp-json\/wp\/v2\/product"}],"about":[{"href":"https:\/\/www.livrariarema.com.br\/loja\/wp-json\/wp\/v2\/types\/product"}],"replies":[{"embeddable":true,"href":"https:\/\/www.livrariarema.com.br\/loja\/wp-json\/wp\/v2\/comments?post=238067"}],"wp:featuredmedia":[{"embeddable":true,"href":"https:\/\/www.livrariarema.com.br\/loja\/wp-json\/wp\/v2\/media\/312733"}],"wp:attachment":[{"href":"https:\/\/www.livrariarema.com.br\/loja\/wp-json\/wp\/v2\/media?parent=238067"}],"wp:term":[{"taxonomy":"product_cat","embeddable":true,"href":"https:\/\/www.livrariarema.com.br\/loja\/wp-json\/wp\/v2\/product_cat?post=238067"},{"taxonomy":"product_tag","embeddable":true,"href":"https:\/\/www.livrariarema.com.br\/loja\/wp-json\/wp\/v2\/product_tag?post=238067"}],"curies":[{"name":"wp","href":"https:\/\/api.w.org\/{rel}","templated":true}]}}