{"id":238079,"date":"2023-06-16T12:53:03","date_gmt":"2023-06-16T15:53:03","guid":{"rendered":"https:\/\/www.livrariarema.com.br\/loja\/produtos\/sem categoria\/licoes-especiais-a-pipa-que-queria-ser-um-aviao-cartazes\/"},"modified":"2024-12-28T10:50:58","modified_gmt":"2024-12-28T13:50:58","slug":"licoes-especiais-a-pipa-que-queria-ser-um-aviao-cartazes","status":"publish","type":"product","link":"https:\/\/www.livrariarema.com.br\/loja\/produtos\/diversos\/flanelografo-e-cartazes\/licoes-especiais-a-pipa-que-queria-ser-um-aviao-cartazes\/","title":{"rendered":"Li\u00e7\u00f5es Especiais &#8211; A Pipa Que Queria Ser Um Avi\u00e3o &#8211; Cartazes"},"content":{"rendered":"<p>Fernando tinha uma pipa chamada P\u00f3pi. Certo dia, P\u00f3pi disse que queria ser um avi\u00e3o e pediu a Fernando que fizesse a transforma\u00e7\u00e3o. O menino modificou a pipa, mas ao solt\u00e1-la a pipa rodopiou e caiu. Fernando decidiu trocar o nome da pipa para Boeing e lev\u00e1-la ao aeroporto. Por\u00e9m apenas mudar de nome e de lugar n\u00e3o fez a pipa voar como os avi\u00f5es.<br \/>\nVoc\u00ea pode estar no lugar certo, a igreja, junto com outros crist\u00e3os e pode at\u00e9 ser chamado de crist\u00e3o. Mas, para ser um crist\u00e3o verdadeiro, precisa ter a vida transformada. Se voc\u00ea vive na escurid\u00e3o do pecado, precisa que a luz de Jesus ilumine sua vida. Crendo em Jesus como Salvador, voc\u00ea pode ser transformado em filho de Deus. E, a partir de ent\u00e3o, pode aprender pela B\u00edblia a viver para agradar a Deus, sendo um crist\u00e3o verdadeiro e feliz, at\u00e9 ir morar um dia no c\u00e9u com Jesus para sempre.<\/p>\n<p>Ensino Principal: Deus quer que voc\u00ea seja um crist\u00e3o verdadeiro e feliz.<\/p>\n","protected":false},"excerpt":{"rendered":"<p>Fernando tinha uma pipa chamada P\u00f3pi. Certo dia, P\u00f3pi disse que queria ser um avi\u00e3o e pediu a Fernando que&hellip;<\/p>\n","protected":false},"featured_media":307036,"comment_status":"open","ping_status":"closed","template":"","meta":[],"product_cat":[132,133],"product_tag":[],"_links":{"self":[{"href":"https:\/\/www.livrariarema.com.br\/loja\/wp-json\/wp\/v2\/product\/238079"}],"collection":[{"href":"https:\/\/www.livrariarema.com.br\/loja\/wp-json\/wp\/v2\/product"}],"about":[{"href":"https:\/\/www.livrariarema.com.br\/loja\/wp-json\/wp\/v2\/types\/product"}],"replies":[{"embeddable":true,"href":"https:\/\/www.livrariarema.com.br\/loja\/wp-json\/wp\/v2\/comments?post=238079"}],"wp:featuredmedia":[{"embeddable":true,"href":"https:\/\/www.livrariarema.com.br\/loja\/wp-json\/wp\/v2\/media\/307036"}],"wp:attachment":[{"href":"https:\/\/www.livrariarema.com.br\/loja\/wp-json\/wp\/v2\/media?parent=238079"}],"wp:term":[{"taxonomy":"product_cat","embeddable":true,"href":"https:\/\/www.livrariarema.com.br\/loja\/wp-json\/wp\/v2\/product_cat?post=238079"},{"taxonomy":"product_tag","embeddable":true,"href":"https:\/\/www.livrariarema.com.br\/loja\/wp-json\/wp\/v2\/product_tag?post=238079"}],"curies":[{"name":"wp","href":"https:\/\/api.w.org\/{rel}","templated":true}]}}