{"id":238081,"date":"2023-06-16T12:55:53","date_gmt":"2023-06-16T15:55:53","guid":{"rendered":"https:\/\/www.livrariarema.com.br\/loja\/produtos\/sem categoria\/licoes-missionarias-a-historia-de-noe-cartazes\/"},"modified":"2025-08-28T11:02:25","modified_gmt":"2025-08-28T14:02:25","slug":"licoes-missionarias-a-historia-de-noe-cartazes","status":"publish","type":"product","link":"https:\/\/www.livrariarema.com.br\/loja\/produtos\/diversos\/flanelografo-e-cartazes\/licoes-missionarias-a-historia-de-noe-cartazes\/","title":{"rendered":"Li\u00e7\u00f5es Mission\u00e1rias &#8211; A Hist\u00f3ria De No\u00e9 &#8211; Cartazes"},"content":{"rendered":"<p>Ensine que a crian\u00e7a pode confiar nas palavras de Deus, quando Ele promete salva\u00e7\u00e3o e tamb\u00e9m prote\u00e7\u00e3o. Vers\u00edculo-chave: &#8220;Eis que Deus \u00e9 a minha salva\u00e7\u00e3o; confiarei e n\u00e3o temerei, porque o Senhor Deus \u00e9 a minha for\u00e7a e o meu c\u00e2ntico; ele se tornou a minha salva\u00e7\u00e3o (Isa\u00edas 12.2).<\/p>\n<p>Observa\u00e7\u00f5es:<br \/>\nFiguras em tamanho A4<br \/>\nRoteiro com esbo\u00e7o da li\u00e7\u00e3o<br \/>\nPerguntas para revis\u00e3o<br \/>\nSugest\u00e3o e atividades complementares<br \/>\nPartituras das m\u00fasicas<\/p>\n","protected":false},"excerpt":{"rendered":"<p>Ensine que a crian\u00e7a pode confiar nas palavras de Deus, quando Ele promete salva\u00e7\u00e3o e tamb\u00e9m prote\u00e7\u00e3o. Vers\u00edculo-chave: &#8220;Eis que&hellip;<\/p>\n","protected":false},"featured_media":0,"comment_status":"open","ping_status":"closed","template":"","meta":[],"product_cat":[132,133],"product_tag":[],"_links":{"self":[{"href":"https:\/\/www.livrariarema.com.br\/loja\/wp-json\/wp\/v2\/product\/238081"}],"collection":[{"href":"https:\/\/www.livrariarema.com.br\/loja\/wp-json\/wp\/v2\/product"}],"about":[{"href":"https:\/\/www.livrariarema.com.br\/loja\/wp-json\/wp\/v2\/types\/product"}],"replies":[{"embeddable":true,"href":"https:\/\/www.livrariarema.com.br\/loja\/wp-json\/wp\/v2\/comments?post=238081"}],"wp:attachment":[{"href":"https:\/\/www.livrariarema.com.br\/loja\/wp-json\/wp\/v2\/media?parent=238081"}],"wp:term":[{"taxonomy":"product_cat","embeddable":true,"href":"https:\/\/www.livrariarema.com.br\/loja\/wp-json\/wp\/v2\/product_cat?post=238081"},{"taxonomy":"product_tag","embeddable":true,"href":"https:\/\/www.livrariarema.com.br\/loja\/wp-json\/wp\/v2\/product_tag?post=238081"}],"curies":[{"name":"wp","href":"https:\/\/api.w.org\/{rel}","templated":true}]}}