{"id":238082,"date":"2023-06-16T12:56:39","date_gmt":"2023-06-16T15:56:39","guid":{"rendered":"https:\/\/www.livrariarema.com.br\/loja\/produtos\/sem categoria\/licoes-especiais-a-maior-historia-que-ja-foi-contada-cartazes\/"},"modified":"2024-12-10T16:41:28","modified_gmt":"2024-12-10T19:41:28","slug":"licoes-especiais-a-maior-historia-que-ja-foi-contada-cartazes","status":"publish","type":"product","link":"https:\/\/www.livrariarema.com.br\/loja\/produtos\/diversos\/flanelografo-e-cartazes\/licoes-especiais-a-maior-historia-que-ja-foi-contada-cartazes\/","title":{"rendered":"Li\u00e7\u00f5es Especiais &#8211; A Maior Hist\u00f3ria Que Ja Foi Contada &#8211; Cartazes"},"content":{"rendered":"<p>Para a P\u00e1scoa. Ensina \u00e0s crian\u00e7as que Jesus Cristo morreu por todos os nossos pecados, at\u00e9 mesmo aqueles que cometemos depois de j\u00e1 termos sido salvos. Precisamos confessar e pedir perd\u00e3o.<\/p>\n<p>Todas as figuras dever\u00e3o ser recortadas e ser\u00e3o mostradas em partes at\u00e9 o final, onde se formar\u00e1 a silhueta de Jesus.<\/p>\n","protected":false},"excerpt":{"rendered":"<p>Para a P\u00e1scoa. Ensina \u00e0s crian\u00e7as que Jesus Cristo morreu por todos os nossos pecados, at\u00e9 mesmo aqueles que cometemos&hellip;<\/p>\n","protected":false},"featured_media":0,"comment_status":"open","ping_status":"closed","template":"","meta":[],"product_cat":[132,133],"product_tag":[],"_links":{"self":[{"href":"https:\/\/www.livrariarema.com.br\/loja\/wp-json\/wp\/v2\/product\/238082"}],"collection":[{"href":"https:\/\/www.livrariarema.com.br\/loja\/wp-json\/wp\/v2\/product"}],"about":[{"href":"https:\/\/www.livrariarema.com.br\/loja\/wp-json\/wp\/v2\/types\/product"}],"replies":[{"embeddable":true,"href":"https:\/\/www.livrariarema.com.br\/loja\/wp-json\/wp\/v2\/comments?post=238082"}],"wp:attachment":[{"href":"https:\/\/www.livrariarema.com.br\/loja\/wp-json\/wp\/v2\/media?parent=238082"}],"wp:term":[{"taxonomy":"product_cat","embeddable":true,"href":"https:\/\/www.livrariarema.com.br\/loja\/wp-json\/wp\/v2\/product_cat?post=238082"},{"taxonomy":"product_tag","embeddable":true,"href":"https:\/\/www.livrariarema.com.br\/loja\/wp-json\/wp\/v2\/product_tag?post=238082"}],"curies":[{"name":"wp","href":"https:\/\/api.w.org\/{rel}","templated":true}]}}