{"id":238094,"date":"2023-06-16T13:00:33","date_gmt":"2023-06-16T16:00:33","guid":{"rendered":"https:\/\/www.livrariarema.com.br\/loja\/produtos\/sem%20categoria\/licoes-missionarias-o-rico-e-lazaro-cartazes\/"},"modified":"2024-11-23T10:49:00","modified_gmt":"2024-11-23T13:49:00","slug":"licoes-missionarias-o-rico-e-lazaro-cartazes","status":"publish","type":"product","link":"https:\/\/www.livrariarema.com.br\/loja\/produtos\/diversos\/flanelografo-e-cartazes\/licoes-missionarias-o-rico-e-lazaro-cartazes\/","title":{"rendered":"Li\u00e7\u00f5es Mission\u00e1rias &#8211; O Rico E L\u00e1zaro &#8211; Cartazes"},"content":{"rendered":"<p>Li\u00e7\u00e3o sobre a par\u00e1bola do Rico e do L\u00e1zaro para mostrar \u00e0 crian\u00e7a que devemos amar a Deus enquanto estamos aqui na Terra e que todo aquele que j\u00e1 \u00e9 salvo precisa falar aos outros sobre a salva\u00e7\u00e3o que Jesus oferece, a fim de que eles creiam em Jesus e possam ser salvos dos seus pecados para ter a vida eterna.<\/p>\n<p>Inclui:<br \/>\nFiguras em Cartazes em formato A4<br \/>\nVers\u00edculo ilustrado para a memoriza\u00e7\u00e3o<br \/>\nRoteiro da li\u00e7\u00e3o<\/p>\n<p>Vers\u00edculo: &#8220;E \u00e9 necess\u00e1rio que antes o evangelho seja pregado a todas as na\u00e7\u00f5es.&#8221; (Marcos 13:10)<\/p>\n<p>Objetivos do Ensino<br \/>\nCrian\u00e7a n\u00e3o salva: que ela creia em Cristo e O receba como seu Salvador do pecado.<br \/>\nCrian\u00e7a Salva: que ela compartilhe a Mensagem de Salva\u00e7\u00e3o com seus amigos para que eles sejam ganhos para Cristo e tenham a vida eterna.<\/p>\n","protected":false},"excerpt":{"rendered":"<p>Li\u00e7\u00e3o sobre a par\u00e1bola do Rico e do L\u00e1zaro para mostrar \u00e0 crian\u00e7a que devemos amar a Deus enquanto estamos&hellip;<\/p>\n","protected":false},"featured_media":0,"comment_status":"open","ping_status":"closed","template":"","meta":[],"product_cat":[132,133],"product_tag":[],"_links":{"self":[{"href":"https:\/\/www.livrariarema.com.br\/loja\/wp-json\/wp\/v2\/product\/238094"}],"collection":[{"href":"https:\/\/www.livrariarema.com.br\/loja\/wp-json\/wp\/v2\/product"}],"about":[{"href":"https:\/\/www.livrariarema.com.br\/loja\/wp-json\/wp\/v2\/types\/product"}],"replies":[{"embeddable":true,"href":"https:\/\/www.livrariarema.com.br\/loja\/wp-json\/wp\/v2\/comments?post=238094"}],"wp:attachment":[{"href":"https:\/\/www.livrariarema.com.br\/loja\/wp-json\/wp\/v2\/media?parent=238094"}],"wp:term":[{"taxonomy":"product_cat","embeddable":true,"href":"https:\/\/www.livrariarema.com.br\/loja\/wp-json\/wp\/v2\/product_cat?post=238094"},{"taxonomy":"product_tag","embeddable":true,"href":"https:\/\/www.livrariarema.com.br\/loja\/wp-json\/wp\/v2\/product_tag?post=238094"}],"curies":[{"name":"wp","href":"https:\/\/api.w.org\/{rel}","templated":true}]}}