{"id":238095,"date":"2023-06-16T13:02:39","date_gmt":"2023-06-16T16:02:39","guid":{"rendered":"https:\/\/www.livrariarema.com.br\/loja\/produtos\/sem categoria\/licoes-missionarias-as-duas-pascoas-cartazes\/"},"modified":"2026-04-08T14:06:01","modified_gmt":"2026-04-08T17:06:01","slug":"licoes-missionarias-as-duas-pascoas-cartazes","status":"publish","type":"product","link":"https:\/\/www.livrariarema.com.br\/loja\/produtos\/diversos\/flanelografo-e-cartazes\/licoes-missionarias-as-duas-pascoas-cartazes\/","title":{"rendered":"Li\u00e7\u00f5es Mission\u00e1rias &#8211; As Duas P\u00e1scoas &#8211; Cartazes"},"content":{"rendered":"<p>Essa li\u00e7\u00e3o mostra a diferen\u00e7a entre a P\u00e1scoa Comercial e a P\u00e1scoa B\u00edblica, trabalhando 6 temas:<\/p>\n<p>O Animal da P\u00e1scoa (Coelho X Cordeiro)<br \/>\nO Alimento da P\u00e1scoa (Ovo de Chocolate X P\u00e3o e Vinho)<br \/>\nA Atividade da P\u00e1scoa (Dormir, descansar X Jesus acordado orando no Monte)<br \/>\nO Sentimento da P\u00e1scoa (Feliz P\u00e1scoa X Tristeza da Cruz)<br \/>\nO Presente da P\u00e1scoa (\u00c9 bom receber presentes X Deus nos deu o maior presente)<br \/>\nO Vazio da P\u00e1scoa (O vazio da alegria passageira X O t\u00famulo vazio)<\/p>\n<p>Inclui: Figuras em Cartazes A4 em formato oval &#8211; Vers\u00edculo 1 Cor\u00edntios 5:7b &#8211; Roteiro da li\u00e7\u00e3o &#8211; Modelo de atividade: montagem da cestinha com o ovinhos.<\/p>\n","protected":false},"excerpt":{"rendered":"<p>Essa li\u00e7\u00e3o mostra a diferen\u00e7a entre a P\u00e1scoa Comercial e a P\u00e1scoa B\u00edblica, trabalhando 6 temas: O Animal da P\u00e1scoa&hellip;<\/p>\n","protected":false},"featured_media":299206,"comment_status":"open","ping_status":"closed","template":"","meta":[],"product_cat":[132,133],"product_tag":[],"_links":{"self":[{"href":"https:\/\/www.livrariarema.com.br\/loja\/wp-json\/wp\/v2\/product\/238095"}],"collection":[{"href":"https:\/\/www.livrariarema.com.br\/loja\/wp-json\/wp\/v2\/product"}],"about":[{"href":"https:\/\/www.livrariarema.com.br\/loja\/wp-json\/wp\/v2\/types\/product"}],"replies":[{"embeddable":true,"href":"https:\/\/www.livrariarema.com.br\/loja\/wp-json\/wp\/v2\/comments?post=238095"}],"wp:featuredmedia":[{"embeddable":true,"href":"https:\/\/www.livrariarema.com.br\/loja\/wp-json\/wp\/v2\/media\/299206"}],"wp:attachment":[{"href":"https:\/\/www.livrariarema.com.br\/loja\/wp-json\/wp\/v2\/media?parent=238095"}],"wp:term":[{"taxonomy":"product_cat","embeddable":true,"href":"https:\/\/www.livrariarema.com.br\/loja\/wp-json\/wp\/v2\/product_cat?post=238095"},{"taxonomy":"product_tag","embeddable":true,"href":"https:\/\/www.livrariarema.com.br\/loja\/wp-json\/wp\/v2\/product_tag?post=238095"}],"curies":[{"name":"wp","href":"https:\/\/api.w.org\/{rel}","templated":true}]}}