{"id":238104,"date":"2023-06-16T13:07:03","date_gmt":"2023-06-16T16:07:03","guid":{"rendered":"https:\/\/www.livrariarema.com.br\/loja\/produtos\/sem%20categoria\/licoes-especiais-sim-a-vida-aborto-preconceito-e-suicidio\/"},"modified":"2023-11-28T16:24:24","modified_gmt":"2023-11-28T19:24:24","slug":"licoes-especiais-sim-a-vida-aborto-preconceito-e-suicidio","status":"publish","type":"product","link":"https:\/\/www.livrariarema.com.br\/loja\/produtos\/diversos\/flanelografo-e-cartazes\/licoes-especiais-sim-a-vida-aborto-preconceito-e-suicidio\/","title":{"rendered":"Li\u00e7\u00f5es Especiais &#8211; Sim \u00c0 Vida (Aborto, Preconceito E Suic\u00eddio)"},"content":{"rendered":"<p>As vidas de todas as pessoas, inclusive a sua, s\u00e3o valiosas para Deus..<\/p>\n<p>O que voc\u00ea pode ensinar \u00e0s crian\u00e7as com esta li\u00e7\u00e3o<br \/>\nAlertar a respeito de aborto, preconceito e suic\u00eddio.<br \/>\nApresentar respostas para algumas perguntas importantes:<br \/>\n&#8211; De onde vim?<br \/>\n&#8211; Por que estou aqui?<br \/>\n&#8211; Para onde vou?<\/p>\n<p>Objetivo do ensino<br \/>\n&#8211; Que a crian\u00e7a escolha dizer &#8220;sim&#8221; a Jesus e \u00e0 vida, porque cada vida \u00e9 valiosa para Deus.<\/p>\n<p>Vers\u00edculo para decorar: &#8220;Mas Deus prova o seu pr\u00f3prio amor para conosco, pelo fato de ter Cristo morrido por n\u00f3s, sendo n\u00f3s ainda pecadores&#8221; (Romanos 5.8).<\/p>\n<p>Inclui: Figuras em Cartazes + Vers\u00edculo + Livro para colorir + Roteiro da li\u00e7\u00e3o com sugest\u00e3o de programa\u00e7\u00e3o.<\/p>\n","protected":false},"excerpt":{"rendered":"<p>As vidas de todas as pessoas, inclusive a sua, s\u00e3o valiosas para Deus.. O que voc\u00ea pode ensinar \u00e0s crian\u00e7as&hellip;<\/p>\n","protected":false},"featured_media":267432,"comment_status":"open","ping_status":"closed","template":"","meta":[],"product_cat":[132,133],"product_tag":[],"_links":{"self":[{"href":"https:\/\/www.livrariarema.com.br\/loja\/wp-json\/wp\/v2\/product\/238104"}],"collection":[{"href":"https:\/\/www.livrariarema.com.br\/loja\/wp-json\/wp\/v2\/product"}],"about":[{"href":"https:\/\/www.livrariarema.com.br\/loja\/wp-json\/wp\/v2\/types\/product"}],"replies":[{"embeddable":true,"href":"https:\/\/www.livrariarema.com.br\/loja\/wp-json\/wp\/v2\/comments?post=238104"}],"wp:featuredmedia":[{"embeddable":true,"href":"https:\/\/www.livrariarema.com.br\/loja\/wp-json\/wp\/v2\/media\/267432"}],"wp:attachment":[{"href":"https:\/\/www.livrariarema.com.br\/loja\/wp-json\/wp\/v2\/media?parent=238104"}],"wp:term":[{"taxonomy":"product_cat","embeddable":true,"href":"https:\/\/www.livrariarema.com.br\/loja\/wp-json\/wp\/v2\/product_cat?post=238104"},{"taxonomy":"product_tag","embeddable":true,"href":"https:\/\/www.livrariarema.com.br\/loja\/wp-json\/wp\/v2\/product_tag?post=238104"}],"curies":[{"name":"wp","href":"https:\/\/api.w.org\/{rel}","templated":true}]}}