{"id":238106,"date":"2023-06-16T13:08:48","date_gmt":"2023-06-16T16:08:48","guid":{"rendered":"https:\/\/www.livrariarema.com.br\/loja\/produtos\/sem categoria\/os-10-mandamentos-para-criancas-licao-6-nao-posso-viver-sem-isso\/"},"modified":"2024-02-08T14:18:42","modified_gmt":"2024-02-08T17:18:42","slug":"os-10-mandamentos-para-criancas-licao-6-nao-posso-viver-sem-isso","status":"publish","type":"product","link":"https:\/\/www.livrariarema.com.br\/loja\/produtos\/diversos\/flanelografo-e-cartazes\/os-10-mandamentos-para-criancas-licao-6-nao-posso-viver-sem-isso\/","title":{"rendered":"Os 10 Mandamentos Para Crian\u00e7as &#8211; Li\u00e7\u00e3o 6 &#8211; N\u00e3o Posso Viver Sem Isso"},"content":{"rendered":"<p>Programa de aula, contendo a 6\u00aa e \u00faltima li\u00e7\u00e3o da S\u00e9rie Os 10 Mandamentos para Crian\u00e7as.<br \/>\nEnsina a agradecer a Deus e a compartilhar com os outros o que Deus lhe tem dado.<\/p>\n<p>Mandamento 8. N\u00e3o furtar\u00e1s<br \/>\nMandamento 10. N\u00e3o cobi\u00e7ar\u00e1s<\/p>\n<p>. Para a crian\u00e7a n\u00e3o salva: Pe\u00e7a a Deus que perdoe seu pecado e salve voc\u00ea.<br \/>\n. Para a crian\u00e7a salva: Agrade\u00e7a a Deus por tudo que ele lhe tem dado e compartilhe com os outros o que Deus lhe deu.<\/p>\n<p>Inlcui<br \/>\n&#8211; Roteiro da li\u00e7\u00e3o com toda sugest\u00e3o e aplica\u00e7\u00e3o da aula<br \/>\n&#8211; Vers\u00edculo ilustrado para memoriza\u00e7\u00e3o<br \/>\n&#8211; Sugest\u00e3o de atividades e perguntas para a revis\u00e3o<\/p>\n","protected":false},"excerpt":{"rendered":"<p>Programa de aula, contendo a 6\u00aa e \u00faltima li\u00e7\u00e3o da S\u00e9rie Os 10 Mandamentos para Crian\u00e7as. Ensina a agradecer a&hellip;<\/p>\n","protected":false},"featured_media":283071,"comment_status":"open","ping_status":"closed","template":"","meta":[],"product_cat":[132,133],"product_tag":[],"_links":{"self":[{"href":"https:\/\/www.livrariarema.com.br\/loja\/wp-json\/wp\/v2\/product\/238106"}],"collection":[{"href":"https:\/\/www.livrariarema.com.br\/loja\/wp-json\/wp\/v2\/product"}],"about":[{"href":"https:\/\/www.livrariarema.com.br\/loja\/wp-json\/wp\/v2\/types\/product"}],"replies":[{"embeddable":true,"href":"https:\/\/www.livrariarema.com.br\/loja\/wp-json\/wp\/v2\/comments?post=238106"}],"wp:featuredmedia":[{"embeddable":true,"href":"https:\/\/www.livrariarema.com.br\/loja\/wp-json\/wp\/v2\/media\/283071"}],"wp:attachment":[{"href":"https:\/\/www.livrariarema.com.br\/loja\/wp-json\/wp\/v2\/media?parent=238106"}],"wp:term":[{"taxonomy":"product_cat","embeddable":true,"href":"https:\/\/www.livrariarema.com.br\/loja\/wp-json\/wp\/v2\/product_cat?post=238106"},{"taxonomy":"product_tag","embeddable":true,"href":"https:\/\/www.livrariarema.com.br\/loja\/wp-json\/wp\/v2\/product_tag?post=238106"}],"curies":[{"name":"wp","href":"https:\/\/api.w.org\/{rel}","templated":true}]}}