{"id":238109,"date":"2023-06-16T13:34:39","date_gmt":"2023-06-16T16:34:39","guid":{"rendered":"https:\/\/www.livrariarema.com.br\/loja\/produtos\/sem categoria\/os-10-mandamentos-para-criancas-licao-3-cuidado-com-a-sua-lingua\/"},"modified":"2024-05-24T13:18:37","modified_gmt":"2024-05-24T16:18:37","slug":"os-10-mandamentos-para-criancas-licao-3-cuidado-com-a-sua-lingua","status":"publish","type":"product","link":"https:\/\/www.livrariarema.com.br\/loja\/produtos\/diversos\/flanelografo-e-cartazes\/os-10-mandamentos-para-criancas-licao-3-cuidado-com-a-sua-lingua\/","title":{"rendered":"Os 10 Mandamentos Para Crian\u00e7as &#8211; Li\u00e7\u00e3o 3 &#8211; Cuidado Com A Sua L\u00edngua"},"content":{"rendered":"<p>Programa de aula, contendo a 3\u00aa li\u00e7\u00e3o da S\u00e9rie Os 10 Mandamentos para Crian\u00e7as.<br \/>\nEnsina a usar a l\u00edngua para encorajar e ajudar os outros.<br \/>\nMandamento n\u00ba 3. N\u00e3o tomar\u00e1s em v\u00e3o o nome do Senhor<br \/>\nMandamento n\u00ba 9. N\u00e3o dar\u00e1s falso testemunho contra o teu pr\u00f3ximo.<\/p>\n<p>. Para a crian\u00e7a n\u00e3o salva: reconhe\u00e7a que voc\u00ea quebra as leis de Deus com sua lingua e pe\u00e7a perd\u00e3o a Ele.<br \/>\n. Para a crian\u00e7a salva: Use sua lingua para encorajar e ajudar os outros<\/p>\n<p>Inclui<br \/>\n&#8211; Roteiro da li\u00e7\u00e3o com toda sugest\u00e3o e aplica\u00e7\u00e3o da aula<br \/>\n&#8211; Vers\u00edculo ilustrado para memoriza\u00e7\u00e3o<br \/>\n&#8211; Sugest\u00e3o de atividades e perguntas para a revis\u00e3o<\/p>\n","protected":false},"excerpt":{"rendered":"<p>Programa de aula, contendo a 3\u00aa li\u00e7\u00e3o da S\u00e9rie Os 10 Mandamentos para Crian\u00e7as. Ensina a usar a l\u00edngua para&hellip;<\/p>\n","protected":false},"featured_media":299161,"comment_status":"open","ping_status":"closed","template":"","meta":[],"product_cat":[132,133],"product_tag":[],"_links":{"self":[{"href":"https:\/\/www.livrariarema.com.br\/loja\/wp-json\/wp\/v2\/product\/238109"}],"collection":[{"href":"https:\/\/www.livrariarema.com.br\/loja\/wp-json\/wp\/v2\/product"}],"about":[{"href":"https:\/\/www.livrariarema.com.br\/loja\/wp-json\/wp\/v2\/types\/product"}],"replies":[{"embeddable":true,"href":"https:\/\/www.livrariarema.com.br\/loja\/wp-json\/wp\/v2\/comments?post=238109"}],"wp:featuredmedia":[{"embeddable":true,"href":"https:\/\/www.livrariarema.com.br\/loja\/wp-json\/wp\/v2\/media\/299161"}],"wp:attachment":[{"href":"https:\/\/www.livrariarema.com.br\/loja\/wp-json\/wp\/v2\/media?parent=238109"}],"wp:term":[{"taxonomy":"product_cat","embeddable":true,"href":"https:\/\/www.livrariarema.com.br\/loja\/wp-json\/wp\/v2\/product_cat?post=238109"},{"taxonomy":"product_tag","embeddable":true,"href":"https:\/\/www.livrariarema.com.br\/loja\/wp-json\/wp\/v2\/product_tag?post=238109"}],"curies":[{"name":"wp","href":"https:\/\/api.w.org\/{rel}","templated":true}]}}