{"id":238110,"date":"2023-06-16T13:35:07","date_gmt":"2023-06-16T16:35:07","guid":{"rendered":"https:\/\/www.livrariarema.com.br\/loja\/produtos\/sem categoria\/os-10-mandamentos-para-criancas-licao-2-o-unico-deus\/"},"modified":"2024-05-24T13:18:31","modified_gmt":"2024-05-24T16:18:31","slug":"os-10-mandamentos-para-criancas-licao-2-o-unico-deus","status":"publish","type":"product","link":"https:\/\/www.livrariarema.com.br\/loja\/produtos\/diversos\/flanelografo-e-cartazes\/os-10-mandamentos-para-criancas-licao-2-o-unico-deus\/","title":{"rendered":"Os 10 Mandamentos Para Crian\u00e7as &#8211; Li\u00e7\u00e3o 2 &#8211; O \u00danico Deus"},"content":{"rendered":"<p>Programa de aula, contendo: a 2\u00aa li\u00e7\u00e3o da S\u00e9rie Os 10 Mandamentos para Crian\u00e7as. <br \/>\nS\u00e3o 8 figuras em cartazes em ideias de atividades, perguntas para a revis\u00e3o e lembretes dos mandamentos. Nessa li\u00e7\u00e3o as crian\u00e7as conhecer\u00e3o os dois primeiros mandamentos: <br \/>\n1. N\u00e3o ter\u00e1s outros deuses al\u00e9m de mim e <br \/>\n2. N\u00e3o far\u00e1s para ti nenhum \u00eddolo. <\/p>\n<p>Aplica\u00e7\u00e3o da li\u00e7\u00e3o:<br \/>\n. Para a crian\u00e7a n\u00e3o salva: Pe\u00e7a ao \u00fanico Deus, amoroso e verdadeiro, que perdoe o seu pecado.<br \/>\n. Para a crian\u00e7a salva: Ame a Deus de todo o seu cora\u00e7\u00e3o<\/p>\n","protected":false},"excerpt":{"rendered":"<p>Programa de aula, contendo: a 2\u00aa li\u00e7\u00e3o da S\u00e9rie Os 10 Mandamentos para Crian\u00e7as. S\u00e3o 8 figuras em cartazes em&hellip;<\/p>\n","protected":false},"featured_media":299160,"comment_status":"open","ping_status":"closed","template":"","meta":[],"product_cat":[132,133],"product_tag":[],"_links":{"self":[{"href":"https:\/\/www.livrariarema.com.br\/loja\/wp-json\/wp\/v2\/product\/238110"}],"collection":[{"href":"https:\/\/www.livrariarema.com.br\/loja\/wp-json\/wp\/v2\/product"}],"about":[{"href":"https:\/\/www.livrariarema.com.br\/loja\/wp-json\/wp\/v2\/types\/product"}],"replies":[{"embeddable":true,"href":"https:\/\/www.livrariarema.com.br\/loja\/wp-json\/wp\/v2\/comments?post=238110"}],"wp:featuredmedia":[{"embeddable":true,"href":"https:\/\/www.livrariarema.com.br\/loja\/wp-json\/wp\/v2\/media\/299160"}],"wp:attachment":[{"href":"https:\/\/www.livrariarema.com.br\/loja\/wp-json\/wp\/v2\/media?parent=238110"}],"wp:term":[{"taxonomy":"product_cat","embeddable":true,"href":"https:\/\/www.livrariarema.com.br\/loja\/wp-json\/wp\/v2\/product_cat?post=238110"},{"taxonomy":"product_tag","embeddable":true,"href":"https:\/\/www.livrariarema.com.br\/loja\/wp-json\/wp\/v2\/product_tag?post=238110"}],"curies":[{"name":"wp","href":"https:\/\/api.w.org\/{rel}","templated":true}]}}