{"id":238112,"date":"2023-06-16T13:36:31","date_gmt":"2023-06-16T16:36:31","guid":{"rendered":"https:\/\/www.livrariarema.com.br\/loja\/produtos\/sem categoria\/licoes-especiais-a-ovelha-perdida\/"},"modified":"2024-01-10T09:36:12","modified_gmt":"2024-01-10T12:36:12","slug":"licoes-especiais-a-ovelha-perdida","status":"publish","type":"product","link":"https:\/\/www.livrariarema.com.br\/loja\/produtos\/diversos\/flanelografo-e-cartazes\/licoes-especiais-a-ovelha-perdida\/","title":{"rendered":"Li\u00e7\u00f5es Especiais &#8211; A Ovelha Perdida"},"content":{"rendered":"<p>Sugest\u00e3o de programa completo com uma li\u00e7\u00e3o sobre essa par\u00e1bola que Jesus contou: com esbo\u00e7o, roteiro, partitura das m\u00fasicas e com sugest\u00f5es de perguntas para a revis\u00e3o e di\u00e1logo para fantoches.<\/p>\n<p>Objetivos<br \/>\n&#8211; Que a crian\u00e7a salva pe\u00e7a perd\u00e3o, se pecou e se afastou do Bom Pastor; e agrade\u00e7a pelo cuidado do Bom Pastor.  <br \/>\n&#8211; Que a crian\u00e7a n\u00e3o salva compreenda que est\u00e1 perdida em seu pecado, como a ovelha que estava perdida; e pe\u00e7a que Jesus perdoe seu pecado e venha ser o seu Bom Pastor.<\/p>\n","protected":false},"excerpt":{"rendered":"<p>Sugest\u00e3o de programa completo com uma li\u00e7\u00e3o sobre essa par\u00e1bola que Jesus contou: com esbo\u00e7o, roteiro, partitura das m\u00fasicas e&hellip;<\/p>\n","protected":false},"featured_media":0,"comment_status":"open","ping_status":"closed","template":"","meta":[],"product_cat":[132,133],"product_tag":[],"_links":{"self":[{"href":"https:\/\/www.livrariarema.com.br\/loja\/wp-json\/wp\/v2\/product\/238112"}],"collection":[{"href":"https:\/\/www.livrariarema.com.br\/loja\/wp-json\/wp\/v2\/product"}],"about":[{"href":"https:\/\/www.livrariarema.com.br\/loja\/wp-json\/wp\/v2\/types\/product"}],"replies":[{"embeddable":true,"href":"https:\/\/www.livrariarema.com.br\/loja\/wp-json\/wp\/v2\/comments?post=238112"}],"wp:attachment":[{"href":"https:\/\/www.livrariarema.com.br\/loja\/wp-json\/wp\/v2\/media?parent=238112"}],"wp:term":[{"taxonomy":"product_cat","embeddable":true,"href":"https:\/\/www.livrariarema.com.br\/loja\/wp-json\/wp\/v2\/product_cat?post=238112"},{"taxonomy":"product_tag","embeddable":true,"href":"https:\/\/www.livrariarema.com.br\/loja\/wp-json\/wp\/v2\/product_tag?post=238112"}],"curies":[{"name":"wp","href":"https:\/\/api.w.org\/{rel}","templated":true}]}}