{"id":238113,"date":"2023-06-16T13:36:37","date_gmt":"2023-06-16T16:36:37","guid":{"rendered":"https:\/\/www.livrariarema.com.br\/loja\/produtos\/sem categoria\/licoes-especiais-a-moeda-perdida\/"},"modified":"2024-01-10T09:36:16","modified_gmt":"2024-01-10T12:36:16","slug":"licoes-especiais-a-moeda-perdida","status":"publish","type":"product","link":"https:\/\/www.livrariarema.com.br\/loja\/produtos\/diversos\/flanelografo-e-cartazes\/licoes-especiais-a-moeda-perdida\/","title":{"rendered":"Li\u00e7\u00f5es Especiais &#8211; A Moeda Perdida"},"content":{"rendered":"<p>Sugest\u00e3o de programa completo com a li\u00e7\u00e3o sobre essa par\u00e1bola que Jesus contou: com esbo\u00e7o, roteiro, partitura das m\u00fasicas e com sugest\u00f5es de perguntas para a revis\u00e3o e di\u00e1logo para fantoches .<\/p>\n<p>Objetivos<br \/>\n&#8211; Que a crian\u00e7a pe\u00e7a que Jesus a salve, para que ela n\u00e3o fique perdida na escurid\u00e3o do pecado.<br \/>\n&#8211; Que a crian\u00e7a leia a B\u00edblia para encontrar as promessas de Deus para ela; e agrade\u00e7a pela promessa de que Deus nunca vai deix\u00e1-la.<\/p>\n","protected":false},"excerpt":{"rendered":"<p>Sugest\u00e3o de programa completo com a li\u00e7\u00e3o sobre essa par\u00e1bola que Jesus contou: com esbo\u00e7o, roteiro, partitura das m\u00fasicas e&hellip;<\/p>\n","protected":false},"featured_media":0,"comment_status":"open","ping_status":"closed","template":"","meta":[],"product_cat":[132,133],"product_tag":[],"_links":{"self":[{"href":"https:\/\/www.livrariarema.com.br\/loja\/wp-json\/wp\/v2\/product\/238113"}],"collection":[{"href":"https:\/\/www.livrariarema.com.br\/loja\/wp-json\/wp\/v2\/product"}],"about":[{"href":"https:\/\/www.livrariarema.com.br\/loja\/wp-json\/wp\/v2\/types\/product"}],"replies":[{"embeddable":true,"href":"https:\/\/www.livrariarema.com.br\/loja\/wp-json\/wp\/v2\/comments?post=238113"}],"wp:attachment":[{"href":"https:\/\/www.livrariarema.com.br\/loja\/wp-json\/wp\/v2\/media?parent=238113"}],"wp:term":[{"taxonomy":"product_cat","embeddable":true,"href":"https:\/\/www.livrariarema.com.br\/loja\/wp-json\/wp\/v2\/product_cat?post=238113"},{"taxonomy":"product_tag","embeddable":true,"href":"https:\/\/www.livrariarema.com.br\/loja\/wp-json\/wp\/v2\/product_tag?post=238113"}],"curies":[{"name":"wp","href":"https:\/\/api.w.org\/{rel}","templated":true}]}}