{"id":238114,"date":"2023-06-16T13:36:43","date_gmt":"2023-06-16T16:36:43","guid":{"rendered":"https:\/\/www.livrariarema.com.br\/loja\/produtos\/sem categoria\/licoes-especiais-papai-manoa\/"},"modified":"2023-10-16T10:00:44","modified_gmt":"2023-10-16T13:00:44","slug":"licoes-especiais-papai-manoa","status":"publish","type":"product","link":"https:\/\/www.livrariarema.com.br\/loja\/produtos\/diversos\/flanelografo-e-cartazes\/licoes-especiais-papai-manoa\/","title":{"rendered":"Li\u00e7\u00f5es Especiais &#8211; Papai Mano\u00e1"},"content":{"rendered":"<p>A esposa de Mano\u00e1 recebeu a visita do Anjo do Senhor, que veio dizer a ela que teria um filho, e que esse filho seria consagrado ao Senhor. Quando ela contou sobre isso ao seu marido, Mano\u00e1 orou, pedindo ao Senhor que lhes ensinasse como cuidar do menino que ainda ia nascer. Esse menino foi Sans\u00e3o. Ele veio a ser um juiz que liderou os israelitas nas guerras contra os inimigos filisteus.<br \/>\nDeus ensinou Mano\u00e1, e mais tarde Sans\u00e3o, porque Ele \u00e9 s\u00e1bio e Ele quer ensinar voc\u00ea tamb\u00e9m.<br \/>\nQuando voc\u00ea tem uma d\u00favida e n\u00e3o sabe como agir, pode fazer como Mano\u00e1: pedir ajuda a quem sabe! Deus, o nosso Criador e nosso Pai celestial, sabe e conhece todas as coisas. Ele pode lhe dar sabedoria se voc\u00ea pedir em ora\u00e7\u00e3o e buscar na B\u00edblia a resposta segura.<br \/>\nProfessor, esta li\u00e7\u00e3o pode ser usada em qualquer \u00e9poca, ou especialmente na \u00e9poca do Dia dos Pais. A mensagem do Evangelho, baseada em Jo\u00e3o 1.12, vai assegurar \u00e0 crian\u00e7a que quem cr\u00ea em Jesus e o recebe se torna um filho de Deus, e Deus se torna seu Pai celestial.<\/p>\n","protected":false},"excerpt":{"rendered":"<p>A esposa de Mano\u00e1 recebeu a visita do Anjo do Senhor, que veio dizer a ela que teria um filho,&hellip;<\/p>\n","protected":false},"featured_media":259464,"comment_status":"open","ping_status":"closed","template":"","meta":[],"product_cat":[132,133],"product_tag":[],"_links":{"self":[{"href":"https:\/\/www.livrariarema.com.br\/loja\/wp-json\/wp\/v2\/product\/238114"}],"collection":[{"href":"https:\/\/www.livrariarema.com.br\/loja\/wp-json\/wp\/v2\/product"}],"about":[{"href":"https:\/\/www.livrariarema.com.br\/loja\/wp-json\/wp\/v2\/types\/product"}],"replies":[{"embeddable":true,"href":"https:\/\/www.livrariarema.com.br\/loja\/wp-json\/wp\/v2\/comments?post=238114"}],"wp:featuredmedia":[{"embeddable":true,"href":"https:\/\/www.livrariarema.com.br\/loja\/wp-json\/wp\/v2\/media\/259464"}],"wp:attachment":[{"href":"https:\/\/www.livrariarema.com.br\/loja\/wp-json\/wp\/v2\/media?parent=238114"}],"wp:term":[{"taxonomy":"product_cat","embeddable":true,"href":"https:\/\/www.livrariarema.com.br\/loja\/wp-json\/wp\/v2\/product_cat?post=238114"},{"taxonomy":"product_tag","embeddable":true,"href":"https:\/\/www.livrariarema.com.br\/loja\/wp-json\/wp\/v2\/product_tag?post=238114"}],"curies":[{"name":"wp","href":"https:\/\/api.w.org\/{rel}","templated":true}]}}