{"id":238115,"date":"2023-06-16T13:36:49","date_gmt":"2023-06-16T16:36:49","guid":{"rendered":"https:\/\/www.livrariarema.com.br\/loja\/produtos\/sem categoria\/licoes-especiais-o-desejo-de-mary-jones\/"},"modified":"2024-05-24T12:19:20","modified_gmt":"2024-05-24T15:19:20","slug":"licoes-especiais-o-desejo-de-mary-jones","status":"publish","type":"product","link":"https:\/\/www.livrariarema.com.br\/loja\/produtos\/diversos\/flanelografo-e-cartazes\/licoes-especiais-o-desejo-de-mary-jones\/","title":{"rendered":"Li\u00e7\u00f5es Especiais &#8211; O Desejo De Mary Jones"},"content":{"rendered":"<p>Mary Jones era uma menina galesa que quando crian\u00e7a trabalhou por seis anos para juntar dinheiro para realizar seu sonho: ter uma B\u00edblia. Aos 15 anos de idade foi at\u00e9 Londres \u00e0 p\u00e9 para finalmente poder comprar uma B\u00edblia. Sua hist\u00f3ria inspiradora deu in\u00edcio anos mais tarde a funda\u00e7\u00e3o da Sociedade B\u00edblica, com o objetivo de conseguir doa\u00e7\u00f5es para imprimir B\u00edblias em outras l\u00ednguas.<\/p>\n","protected":false},"excerpt":{"rendered":"<p>Mary Jones era uma menina galesa que quando crian\u00e7a trabalhou por seis anos para juntar dinheiro para realizar seu sonho:&hellip;<\/p>\n","protected":false},"featured_media":299129,"comment_status":"open","ping_status":"closed","template":"","meta":[],"product_cat":[132,133],"product_tag":[],"_links":{"self":[{"href":"https:\/\/www.livrariarema.com.br\/loja\/wp-json\/wp\/v2\/product\/238115"}],"collection":[{"href":"https:\/\/www.livrariarema.com.br\/loja\/wp-json\/wp\/v2\/product"}],"about":[{"href":"https:\/\/www.livrariarema.com.br\/loja\/wp-json\/wp\/v2\/types\/product"}],"replies":[{"embeddable":true,"href":"https:\/\/www.livrariarema.com.br\/loja\/wp-json\/wp\/v2\/comments?post=238115"}],"wp:featuredmedia":[{"embeddable":true,"href":"https:\/\/www.livrariarema.com.br\/loja\/wp-json\/wp\/v2\/media\/299129"}],"wp:attachment":[{"href":"https:\/\/www.livrariarema.com.br\/loja\/wp-json\/wp\/v2\/media?parent=238115"}],"wp:term":[{"taxonomy":"product_cat","embeddable":true,"href":"https:\/\/www.livrariarema.com.br\/loja\/wp-json\/wp\/v2\/product_cat?post=238115"},{"taxonomy":"product_tag","embeddable":true,"href":"https:\/\/www.livrariarema.com.br\/loja\/wp-json\/wp\/v2\/product_tag?post=238115"}],"curies":[{"name":"wp","href":"https:\/\/api.w.org\/{rel}","templated":true}]}}