{"id":238117,"date":"2023-06-16T13:37:55","date_gmt":"2023-06-16T16:37:55","guid":{"rendered":"https:\/\/www.livrariarema.com.br\/loja\/produtos\/sem%20categoria\/licoes-especiais-boas-maneiras-diante-de-deus\/"},"modified":"2024-12-28T10:50:38","modified_gmt":"2024-12-28T13:50:38","slug":"licoes-especiais-boas-maneiras-diante-de-deus","status":"publish","type":"product","link":"https:\/\/www.livrariarema.com.br\/loja\/produtos\/diversos\/flanelografo-e-cartazes\/licoes-especiais-boas-maneiras-diante-de-deus\/","title":{"rendered":"Li\u00e7\u00f5es Especiais &#8211; Boas Maneiras Diante De Deus"},"content":{"rendered":"<p>Li\u00e7\u00e3o tematica dividida em 5 partes para ensinar &#8220;Boas maneiras diantes de Deus&#8221;, levando suas crian\u00e7as a glorificar a Deus com seus p\u00e9s, m\u00e3os, olhos, ouvidos e boca.<br \/>\nInclui:<br \/>\n11 Figuras em Cartazes em formato A4<br \/>\nRoteiro da li\u00e7\u00e3o<\/p>\n<p>Vers\u00edculo: &#8220;Voc\u00eas foram comprados por alto pre\u00e7o. Portanto, glorifiquem a Deus com o corpo de voc\u00eas.&#8221; (1 Cor\u00edntios 6.20)<\/p>\n<p>Objetivos do Ensino<br \/>\nCrian\u00e7a n\u00e3o salva: que ela reconhe\u00e7a que precisa de Jesus para glorificar a Deus.<br \/>\nCrian\u00e7a Salva: que ela use as partes do seu corpo para glorificar a Deus.<\/p>\n","protected":false},"excerpt":{"rendered":"<p>Li\u00e7\u00e3o tematica dividida em 5 partes para ensinar &#8220;Boas maneiras diantes de Deus&#8221;, levando suas crian\u00e7as a glorificar a Deus&hellip;<\/p>\n","protected":false},"featured_media":299713,"comment_status":"open","ping_status":"closed","template":"","meta":[],"product_cat":[132,133],"product_tag":[],"_links":{"self":[{"href":"https:\/\/www.livrariarema.com.br\/loja\/wp-json\/wp\/v2\/product\/238117"}],"collection":[{"href":"https:\/\/www.livrariarema.com.br\/loja\/wp-json\/wp\/v2\/product"}],"about":[{"href":"https:\/\/www.livrariarema.com.br\/loja\/wp-json\/wp\/v2\/types\/product"}],"replies":[{"embeddable":true,"href":"https:\/\/www.livrariarema.com.br\/loja\/wp-json\/wp\/v2\/comments?post=238117"}],"wp:featuredmedia":[{"embeddable":true,"href":"https:\/\/www.livrariarema.com.br\/loja\/wp-json\/wp\/v2\/media\/299713"}],"wp:attachment":[{"href":"https:\/\/www.livrariarema.com.br\/loja\/wp-json\/wp\/v2\/media?parent=238117"}],"wp:term":[{"taxonomy":"product_cat","embeddable":true,"href":"https:\/\/www.livrariarema.com.br\/loja\/wp-json\/wp\/v2\/product_cat?post=238117"},{"taxonomy":"product_tag","embeddable":true,"href":"https:\/\/www.livrariarema.com.br\/loja\/wp-json\/wp\/v2\/product_tag?post=238117"}],"curies":[{"name":"wp","href":"https:\/\/api.w.org\/{rel}","templated":true}]}}