{"id":238118,"date":"2023-06-16T13:38:00","date_gmt":"2023-06-16T16:38:00","guid":{"rendered":"https:\/\/www.livrariarema.com.br\/loja\/produtos\/sem%20categoria\/licoes-especiais-emanuel-deus-conosco\/"},"modified":"2023-10-04T16:56:51","modified_gmt":"2023-10-04T19:56:51","slug":"licoes-especiais-emanuel-deus-conosco","status":"publish","type":"product","link":"https:\/\/www.livrariarema.com.br\/loja\/produtos\/diversos\/flanelografo-e-cartazes\/licoes-especiais-emanuel-deus-conosco\/","title":{"rendered":"Li\u00e7\u00f5es Especiais &#8211; Emanuel &#8211; Deus Conosco"},"content":{"rendered":"<p>Li\u00e7\u00e3o evangel\u00edstica enfatizando que Deus quer que voc\u00ea o conhe\u00e7a agora e viva com Ele para sempre.<br \/>\nInclui:<br \/>\n8 Figuras em Cartazes em formato A4<br \/>\nRoteiro da li\u00e7\u00e3o com sugest\u00f5es de atividades<\/p>\n<p>Vers\u00edculo: &#8220;Eis que a virgem conceber\u00e1 e dar\u00e1 \u00e0 luz um filho, e ele ser\u00e1 chamado pelo nome de Emanuel (que quer dizer: Deus conosco)&#8221; (Mateus 1.23).<\/p>\n<p>Objetivo do ensino: Que a crian\u00e7a reconhe\u00e7a que Jesus \u00e9 Emanuel, Deus conosco, e confie que Ele \u00e9 o \u00fanico caminho para ela conhecer a Deus e viver com Ele para sempre. <br \/>\nAplica\u00e7\u00e3o para a crian\u00e7a salva: Lembre-se de que voc\u00ea j\u00e1 \u00e9 filho de Deus. Ele est\u00e1 com voc\u00ea agora e estar\u00e1 para sempre<\/p>\n","protected":false},"excerpt":{"rendered":"<p>Li\u00e7\u00e3o evangel\u00edstica enfatizando que Deus quer que voc\u00ea o conhe\u00e7a agora e viva com Ele para sempre. Inclui: 8 Figuras&hellip;<\/p>\n","protected":false},"featured_media":0,"comment_status":"open","ping_status":"closed","template":"","meta":[],"product_cat":[132,133],"product_tag":[],"_links":{"self":[{"href":"https:\/\/www.livrariarema.com.br\/loja\/wp-json\/wp\/v2\/product\/238118"}],"collection":[{"href":"https:\/\/www.livrariarema.com.br\/loja\/wp-json\/wp\/v2\/product"}],"about":[{"href":"https:\/\/www.livrariarema.com.br\/loja\/wp-json\/wp\/v2\/types\/product"}],"replies":[{"embeddable":true,"href":"https:\/\/www.livrariarema.com.br\/loja\/wp-json\/wp\/v2\/comments?post=238118"}],"wp:attachment":[{"href":"https:\/\/www.livrariarema.com.br\/loja\/wp-json\/wp\/v2\/media?parent=238118"}],"wp:term":[{"taxonomy":"product_cat","embeddable":true,"href":"https:\/\/www.livrariarema.com.br\/loja\/wp-json\/wp\/v2\/product_cat?post=238118"},{"taxonomy":"product_tag","embeddable":true,"href":"https:\/\/www.livrariarema.com.br\/loja\/wp-json\/wp\/v2\/product_tag?post=238118"}],"curies":[{"name":"wp","href":"https:\/\/api.w.org\/{rel}","templated":true}]}}