{"id":238122,"date":"2023-06-16T13:39:03","date_gmt":"2023-06-16T16:39:03","guid":{"rendered":"https:\/\/www.livrariarema.com.br\/loja\/produtos\/sem categoria\/licoes-missionarias-corrie-ten-boom-cartazes\/"},"modified":"2023-10-23T10:14:54","modified_gmt":"2023-10-23T13:14:54","slug":"licoes-missionarias-corrie-ten-boom-cartazes","status":"publish","type":"product","link":"https:\/\/www.livrariarema.com.br\/loja\/produtos\/diversos\/flanelografo-e-cartazes\/licoes-missionarias-corrie-ten-boom-cartazes\/","title":{"rendered":"Li\u00e7\u00f5es Mission\u00e1rias &#8211; Corrie Ten Boom &#8211; Cartazes"},"content":{"rendered":"<p>Corrie recebeu Jesus como Salvador aos 5 anos de idade, serviu ao Senhor quando jovem e, quando adulta, permaneceu fiel e firme no Senhor, apesar do terror da Segunda Guerra Mundial e apesar do perigo de esconder judeus em sua casa, o que resultou em sua pris\u00e3o em um campo de concentra\u00e7\u00e3o alem\u00e3o.<\/p>\n<p>Esta \u00e9 uma hist\u00f3ria verdadeira sobre a f\u00e9 e a coragem de Corrie, que se tornou conhecida como a Andarilha do Senhor, viajando por in\u00fameros pa\u00edses para testemunhar de Jesus Cristo, inspirar\u00e1 as crian\u00e7as. Sua vida enfatiza o encontro que teve com Deus, a mudan\u00e7a ocorrida e o compromisso que firmou com Deus de testemunhar do Seu amor e do Seu evangelho em todos os lugares por onde passasse. Biografia contada em 5 cap\u00edtulos.<\/p>\n","protected":false},"excerpt":{"rendered":"<p>Corrie recebeu Jesus como Salvador aos 5 anos de idade, serviu ao Senhor quando jovem e, quando adulta, permaneceu fiel&hellip;<\/p>\n","protected":false},"featured_media":260898,"comment_status":"open","ping_status":"closed","template":"","meta":[],"product_cat":[132,133],"product_tag":[],"_links":{"self":[{"href":"https:\/\/www.livrariarema.com.br\/loja\/wp-json\/wp\/v2\/product\/238122"}],"collection":[{"href":"https:\/\/www.livrariarema.com.br\/loja\/wp-json\/wp\/v2\/product"}],"about":[{"href":"https:\/\/www.livrariarema.com.br\/loja\/wp-json\/wp\/v2\/types\/product"}],"replies":[{"embeddable":true,"href":"https:\/\/www.livrariarema.com.br\/loja\/wp-json\/wp\/v2\/comments?post=238122"}],"wp:featuredmedia":[{"embeddable":true,"href":"https:\/\/www.livrariarema.com.br\/loja\/wp-json\/wp\/v2\/media\/260898"}],"wp:attachment":[{"href":"https:\/\/www.livrariarema.com.br\/loja\/wp-json\/wp\/v2\/media?parent=238122"}],"wp:term":[{"taxonomy":"product_cat","embeddable":true,"href":"https:\/\/www.livrariarema.com.br\/loja\/wp-json\/wp\/v2\/product_cat?post=238122"},{"taxonomy":"product_tag","embeddable":true,"href":"https:\/\/www.livrariarema.com.br\/loja\/wp-json\/wp\/v2\/product_tag?post=238122"}],"curies":[{"name":"wp","href":"https:\/\/api.w.org\/{rel}","templated":true}]}}