{"id":238190,"date":"2023-06-16T13:58:59","date_gmt":"2023-06-16T16:58:59","guid":{"rendered":"https:\/\/www.livrariarema.com.br\/loja\/produtos\/sem%20categoria\/licoes-do-antigo-testamento-deus-o-rei-criador\/"},"modified":"2024-05-24T13:37:35","modified_gmt":"2024-05-24T16:37:35","slug":"licoes-do-antigo-testamento-deus-o-rei-criador","status":"publish","type":"product","link":"https:\/\/www.livrariarema.com.br\/loja\/produtos\/diversos\/flanelografo-e-cartazes\/licoes-do-antigo-testamento-deus-o-rei-criador\/","title":{"rendered":"Li\u00e7\u00f5es Do Antigo Testamento &#8211; Deus, O Rei Criador"},"content":{"rendered":"<p>S\u00e9rie de 6 li\u00e7\u00f5es sobre a vida de Deus, o Rei Criador para crian\u00e7as de 5 a 12 anos, com sugest\u00e3o para pr\u00e9-escolares.<br \/>\nMaterial completo com orienta\u00e7\u00f5es para:<br \/>\n&#8211; O preparo das li\u00e7\u00f5es<br \/>\n&#8211; A memoriza\u00e7\u00e3o dos vers\u00edculos<br \/>\n&#8211; O uso de c\u00e2nticos<br \/>\n&#8211; As atividades de evangelismo, crescimento e revis\u00e3o.<br \/>\n&#8211; O planejamento das aulas para crian\u00e7as do Ensino Fundamental e Pr\u00e9-escolares.<\/p>\n<p>Li\u00e7\u00e3o \/ Declara\u00e7\u00e3o<br \/>\n1. O Rei falou &#8211; A B\u00edblia \u00e9 a mensagem verdadeira de Deus para voc\u00ea.<br \/>\n2. O Rei criou &#8211; Voc\u00ea pode conhecer a Deus, o Rei Criador<br \/>\n3. O pecado entra no mundo do Rei &#8211; Creia em Jesus para ser salvo do pecado<br \/>\n4. Como chegar at\u00e9 o Rei &#8211; A f\u00e9 no Senhor Jesus \u00e9 o \u00fanico caminho para chegar a Deus<br \/>\n5. O Rei salva &#8211; Deus, que \u00e9 justo, pode salvar voc\u00ea do pecado<br \/>\n6. Festa da cria\u00e7\u00e3o &#8211; Li\u00e7\u00e3o de revis\u00e3o<\/p>\n<p>Ensine sobre &#8220;O Come\u00e7o&#8221; (G\u00eanesis cap\u00edtulos 1 a 9)<\/p>\n","protected":false},"excerpt":{"rendered":"<p>S\u00e9rie de 6 li\u00e7\u00f5es sobre a vida de Deus, o Rei Criador para crian\u00e7as de 5 a 12 anos, com&hellip;<\/p>\n","protected":false},"featured_media":0,"comment_status":"open","ping_status":"closed","template":"","meta":[],"product_cat":[132,133],"product_tag":[],"_links":{"self":[{"href":"https:\/\/www.livrariarema.com.br\/loja\/wp-json\/wp\/v2\/product\/238190"}],"collection":[{"href":"https:\/\/www.livrariarema.com.br\/loja\/wp-json\/wp\/v2\/product"}],"about":[{"href":"https:\/\/www.livrariarema.com.br\/loja\/wp-json\/wp\/v2\/types\/product"}],"replies":[{"embeddable":true,"href":"https:\/\/www.livrariarema.com.br\/loja\/wp-json\/wp\/v2\/comments?post=238190"}],"wp:attachment":[{"href":"https:\/\/www.livrariarema.com.br\/loja\/wp-json\/wp\/v2\/media?parent=238190"}],"wp:term":[{"taxonomy":"product_cat","embeddable":true,"href":"https:\/\/www.livrariarema.com.br\/loja\/wp-json\/wp\/v2\/product_cat?post=238190"},{"taxonomy":"product_tag","embeddable":true,"href":"https:\/\/www.livrariarema.com.br\/loja\/wp-json\/wp\/v2\/product_tag?post=238190"}],"curies":[{"name":"wp","href":"https:\/\/api.w.org\/{rel}","templated":true}]}}