{"id":238577,"date":"2023-06-20T11:57:12","date_gmt":"2023-06-20T14:57:12","guid":{"rendered":"https:\/\/www.livrariarema.com.br\/loja\/produtos\/sem categoria\/cronicas-de-narnia-vol-5-o-cavalo-e-seu-menino-c-s-lewis\/"},"modified":"2026-04-22T17:11:15","modified_gmt":"2026-04-22T20:11:15","slug":"cronicas-de-narnia-vol-5-o-cavalo-e-seu-menino-c-s-lewis","status":"publish","type":"product","link":"https:\/\/www.livrariarema.com.br\/loja\/produtos\/livros\/ficcao\/cronicas-de-narnia-vol-5-o-cavalo-e-seu-menino-c-s-lewis\/","title":{"rendered":"Cr\u00f4nicas De N\u00e1rnia &#8211; Vol. 5 &#8211; O Cavalo E Seu Menino &#8211; C. S. Lewis"},"content":{"rendered":"<p>Reinos m\u00e1gicos, criaturas inesquec\u00edveis e batalhas \u00e9picas entre o bem e o mal: essas hist\u00f3rias s\u00e3o narradas em As Cr\u00f4nicas de N\u00e1rnia &#8211; uma s\u00e9rie de sete livros que acompanha crian\u00e7as curiosas e suas aventuras entre o nosso mundo e outros universos<br \/>\nm\u00e1gicos e que, por d\u00e9cadas, encanta leitores de todas as idades.<br \/>\nEm O Cavalo e seu Menino acompanhamos a hist\u00f3ria de Shasta &#8211; filho adotivo de um pai nada afetivo &#8211; nas terras ao sul de N\u00e1rnia. Ap\u00f3s descobrir que seria vendido como escravo, ele foge rumo ao destino de seus sonhos &#8211; para o Norte e em dire\u00e7\u00e3o a<br \/>\nN\u00e1rnia! Ao lado do cavalo falante Bri, Shasta viver\u00e1 uma aventura que terminar\u00e1 por coloc\u00e1-lo no centro de uma batalha &#8211; uma batalha que decidir\u00e1 n\u00e3o apenas seu destino, como tamb\u00e9m o de toda N\u00e1rnia. <\/p>\n","protected":false},"excerpt":{"rendered":"<p>Reinos m\u00e1gicos, criaturas inesquec\u00edveis e batalhas \u00e9picas entre o bem e o mal: essas hist\u00f3rias s\u00e3o narradas em As Cr\u00f4nicas&hellip;<\/p>\n","protected":false},"featured_media":347070,"comment_status":"open","ping_status":"closed","template":"","meta":[],"product_cat":[162,134],"product_tag":[],"_links":{"self":[{"href":"https:\/\/www.livrariarema.com.br\/loja\/wp-json\/wp\/v2\/product\/238577"}],"collection":[{"href":"https:\/\/www.livrariarema.com.br\/loja\/wp-json\/wp\/v2\/product"}],"about":[{"href":"https:\/\/www.livrariarema.com.br\/loja\/wp-json\/wp\/v2\/types\/product"}],"replies":[{"embeddable":true,"href":"https:\/\/www.livrariarema.com.br\/loja\/wp-json\/wp\/v2\/comments?post=238577"}],"wp:featuredmedia":[{"embeddable":true,"href":"https:\/\/www.livrariarema.com.br\/loja\/wp-json\/wp\/v2\/media\/347070"}],"wp:attachment":[{"href":"https:\/\/www.livrariarema.com.br\/loja\/wp-json\/wp\/v2\/media?parent=238577"}],"wp:term":[{"taxonomy":"product_cat","embeddable":true,"href":"https:\/\/www.livrariarema.com.br\/loja\/wp-json\/wp\/v2\/product_cat?post=238577"},{"taxonomy":"product_tag","embeddable":true,"href":"https:\/\/www.livrariarema.com.br\/loja\/wp-json\/wp\/v2\/product_tag?post=238577"}],"curies":[{"name":"wp","href":"https:\/\/api.w.org\/{rel}","templated":true}]}}