{"id":238594,"date":"2023-06-20T11:58:30","date_gmt":"2023-06-20T14:58:30","guid":{"rendered":"https:\/\/www.livrariarema.com.br\/loja\/produtos\/sem categoria\/biblia-leitura-perfeita-acf-entardecer\/"},"modified":"2026-02-24T12:17:40","modified_gmt":"2026-02-24T15:17:40","slug":"biblia-leitura-perfeita-acf-entardecer","status":"publish","type":"product","link":"https:\/\/www.livrariarema.com.br\/loja\/produtos\/biblias\/revista-corrigida-fiel\/biblia-leitura-perfeita-acf-entardecer\/","title":{"rendered":"B\u00edblia Leitura Perfeita &#8211; Acf &#8211; Entardecer"},"content":{"rendered":"<p>Sobriedade e tradi\u00e7\u00e3o com acabamento de luxo.<br \/>\nEsta B\u00edblia ACF \u00e9 para aqueles que preferem uma linguagem mais tradicional ao ler a Palavra. Nesta tradu\u00e7\u00e3o mais formal, cada texto \u00e9 uma lembran\u00e7a: aquelas caixinhas de vers\u00edculos da casa dos nossos av\u00f4s, a b\u00edblia que nossos pais usavam durante nossa inf\u00e2ncia e tantas outras mem\u00f3rias boas!<br \/>\nA tradu\u00e7\u00e3o Almeida Corrigida Fiel (ACF) \u00e9 conhecida por ser uma texto cl\u00e1ssico que preserva toda a tradi\u00e7\u00e3o de Jo\u00e3o Ferreira de Almeida. Com base nisso, foram usados os melhores avan\u00e7os em tipografia para desenvolver a Fonte Leitura Perfeita, que \u00e9 exclusivo da Thomas Nelson e reflete esse rico legado de ter um texto fiel aos originais, autoritativo e embasado nos manuscritos mais confi\u00e1veis. O resultado \u00e9 uma letra exclusiva, clara e leg\u00edvel em qualquer tamanho.<\/p>\n<p>Caracter\u00edsticas:<br \/>\nTexto na tradu\u00e7\u00e3o ACF (Almeida Corrigida Fiel)<br \/>\nCapa dura<br \/>\nPintura Trilateral<br \/>\nFitilho colorido<br \/>\nFonte Leitura Perfeita<br \/>\nLetra tamanho tradicional<br \/>\nLombada costurada para total abertura<\/p>\n","protected":false},"excerpt":{"rendered":"<p>Sobriedade e tradi\u00e7\u00e3o com acabamento de luxo. Esta B\u00edblia ACF \u00e9 para aqueles que preferem uma linguagem mais tradicional ao&hellip;<\/p>\n","protected":false},"featured_media":345263,"comment_status":"open","ping_status":"closed","template":"","meta":[],"product_cat":[139,212],"product_tag":[],"_links":{"self":[{"href":"https:\/\/www.livrariarema.com.br\/loja\/wp-json\/wp\/v2\/product\/238594"}],"collection":[{"href":"https:\/\/www.livrariarema.com.br\/loja\/wp-json\/wp\/v2\/product"}],"about":[{"href":"https:\/\/www.livrariarema.com.br\/loja\/wp-json\/wp\/v2\/types\/product"}],"replies":[{"embeddable":true,"href":"https:\/\/www.livrariarema.com.br\/loja\/wp-json\/wp\/v2\/comments?post=238594"}],"wp:featuredmedia":[{"embeddable":true,"href":"https:\/\/www.livrariarema.com.br\/loja\/wp-json\/wp\/v2\/media\/345263"}],"wp:attachment":[{"href":"https:\/\/www.livrariarema.com.br\/loja\/wp-json\/wp\/v2\/media?parent=238594"}],"wp:term":[{"taxonomy":"product_cat","embeddable":true,"href":"https:\/\/www.livrariarema.com.br\/loja\/wp-json\/wp\/v2\/product_cat?post=238594"},{"taxonomy":"product_tag","embeddable":true,"href":"https:\/\/www.livrariarema.com.br\/loja\/wp-json\/wp\/v2\/product_tag?post=238594"}],"curies":[{"name":"wp","href":"https:\/\/api.w.org\/{rel}","templated":true}]}}