{"id":238607,"date":"2023-06-20T11:59:12","date_gmt":"2023-06-20T14:59:12","guid":{"rendered":"https:\/\/www.livrariarema.com.br\/loja\/produtos\/sem%20categoria\/nos-e-a-biblia-andre-daniel-reinke\/"},"modified":"2026-02-24T13:50:43","modified_gmt":"2026-02-24T16:50:43","slug":"nos-e-a-biblia-andre-daniel-reinke","status":"publish","type":"product","link":"https:\/\/www.livrariarema.com.br\/loja\/produtos\/livros\/historia\/nos-e-a-biblia-andre-daniel-reinke\/","title":{"rendered":"N\u00f3s E A B\u00edblia &#8211; Andr\u00e9 Daniel Reinke"},"content":{"rendered":"<p>COMO A B\u00cdBLIA PRODUZIU DISTINTOS JUDA\u00cdSMO E CRISTIANISMO<\/p>\n<p>O juda\u00edsmo e o cristianismo s\u00e3o verdadeiros colossos culturais. Espalhados<br \/>\npelo mundo ao longo de mil\u00eanios, essas religi\u00f5es produziram identidades t\u00e3o<br \/>\ncomplexas e variadas, que \u00e9 preciso falar de &#8220;juda\u00edsmos&#8221; e &#8220;cristianismos&#8221;.<br \/>\nNo entanto, apesar dessa diversidade, esses sistemas de cren\u00e7a t\u00eam origem<br \/>\ncomum e partem da leitura e da interpreta\u00e7\u00e3o do mesmo texto sagrado: a<br \/>\nB\u00edblia hebraica. Em N\u00f3s e a B\u00edblia, Andr\u00e9 Daniel Reinke investiga o fen\u00f4meno<br \/>\nde como o mesmo texto b\u00edblico pode ser interpretado de maneiras t\u00e3o<br \/>\ndistintas e produzir culturas t\u00e3o plurais.<\/p>\n<p>O autor apresenta a tem\u00e1tica em tr\u00eas blocos:<br \/>\n&#8211; o primeiro explica como a B\u00edblia \u00e9 polif\u00f4nica e recheada de s\u00edmbolos capazes<br \/>\nde gerar uma multiplicidade de interpreta\u00e7\u00f5es;<br \/>\n&#8211; o segundo apresenta a hist\u00f3ria de como os antigos israelitas produziram<br \/>\nseus textos e de como esses escritos forjaram as identidades dos juda\u00edsmos<br \/>\ne do atual Estado de Israel;<br \/>\n&#8211; no terceiro, o autor retoma a hist\u00f3ria da igreja a partir de Jesus, compreendendo<br \/>\nde que forma ela interpretou o passado de Israel, deu continuidade \u00e0 B\u00edblia e passou, ela tamb\u00e9m, a ser regida pelos textos que escreveu.<\/p>\n<p>Esta obra \u00e9 fundamental para que o leitor possa compreender de que forma a<br \/>\nB\u00edblia foi e continua a ser interpretada por judeus e crist\u00e3os, e o que isso signica para o relacionamento entre eles.<\/p>\n","protected":false},"excerpt":{"rendered":"<p>COMO A B\u00cdBLIA PRODUZIU DISTINTOS JUDA\u00cdSMO E CRISTIANISMO O juda\u00edsmo e o cristianismo s\u00e3o verdadeiros colossos culturais. Espalhados pelo mundo&hellip;<\/p>\n","protected":false},"featured_media":345362,"comment_status":"open","ping_status":"closed","template":"","meta":[],"product_cat":[194,134],"product_tag":[],"_links":{"self":[{"href":"https:\/\/www.livrariarema.com.br\/loja\/wp-json\/wp\/v2\/product\/238607"}],"collection":[{"href":"https:\/\/www.livrariarema.com.br\/loja\/wp-json\/wp\/v2\/product"}],"about":[{"href":"https:\/\/www.livrariarema.com.br\/loja\/wp-json\/wp\/v2\/types\/product"}],"replies":[{"embeddable":true,"href":"https:\/\/www.livrariarema.com.br\/loja\/wp-json\/wp\/v2\/comments?post=238607"}],"wp:featuredmedia":[{"embeddable":true,"href":"https:\/\/www.livrariarema.com.br\/loja\/wp-json\/wp\/v2\/media\/345362"}],"wp:attachment":[{"href":"https:\/\/www.livrariarema.com.br\/loja\/wp-json\/wp\/v2\/media?parent=238607"}],"wp:term":[{"taxonomy":"product_cat","embeddable":true,"href":"https:\/\/www.livrariarema.com.br\/loja\/wp-json\/wp\/v2\/product_cat?post=238607"},{"taxonomy":"product_tag","embeddable":true,"href":"https:\/\/www.livrariarema.com.br\/loja\/wp-json\/wp\/v2\/product_tag?post=238607"}],"curies":[{"name":"wp","href":"https:\/\/api.w.org\/{rel}","templated":true}]}}