{"id":238609,"date":"2023-06-20T11:59:17","date_gmt":"2023-06-20T14:59:17","guid":{"rendered":"https:\/\/www.livrariarema.com.br\/loja\/produtos\/sem categoria\/torre-sombria-a-c-s-lewis\/"},"modified":"2026-02-24T17:24:25","modified_gmt":"2026-02-24T20:24:25","slug":"torre-sombria-a-c-s-lewis","status":"publish","type":"product","link":"https:\/\/www.livrariarema.com.br\/loja\/produtos\/livros\/ficcao\/torre-sombria-a-c-s-lewis\/","title":{"rendered":"Torre Sombria, A &#8211; C. S. Lewis"},"content":{"rendered":"<p>Dando continuidade \u00e0s obras de fic\u00e7\u00e3o de C. S. Lewis, A torre sombria e outras hist\u00f3rias re\u00fane contos e escritos inacabados do autor &#8211; entre eles, uma fic\u00e7\u00e3o c\u00f4mica que se passa numa esta\u00e7\u00e3o espacial, um conto reflexivo sobre a obsess\u00e3o de um cego que recupera a vis\u00e3o e uma hist\u00f3ria reimaginando o encontro entre Menelau e Helena de Troia.<br \/>\nNarrativa que d\u00e1 nome ao volume, A torre sombria \u00e9 um romance de fic\u00e7\u00e3o cient\u00edfica inacabado em que Dr. Ransom, protagonista da Trilogia C\u00f3smica, tem de lidar, ao lado de seus colegas acad\u00eamicos, com as desventuras da viagem no tempo. Publicados postumamente, esses escritos foram salvos do fogo &#8211; como explica Walter Hooper, amigo de Lewis, no pref\u00e1cio ao livro &#8211; e apresentam ao leitor mais da mente criativa de um dos g\u00eanios liter\u00e1rios do s\u00e9c. 20.<\/p>\n","protected":false},"excerpt":{"rendered":"<p>Dando continuidade \u00e0s obras de fic\u00e7\u00e3o de C. S. Lewis, A torre sombria e outras hist\u00f3rias re\u00fane contos e escritos&hellip;<\/p>\n","protected":false},"featured_media":345413,"comment_status":"open","ping_status":"closed","template":"","meta":[],"product_cat":[162,134],"product_tag":[],"_links":{"self":[{"href":"https:\/\/www.livrariarema.com.br\/loja\/wp-json\/wp\/v2\/product\/238609"}],"collection":[{"href":"https:\/\/www.livrariarema.com.br\/loja\/wp-json\/wp\/v2\/product"}],"about":[{"href":"https:\/\/www.livrariarema.com.br\/loja\/wp-json\/wp\/v2\/types\/product"}],"replies":[{"embeddable":true,"href":"https:\/\/www.livrariarema.com.br\/loja\/wp-json\/wp\/v2\/comments?post=238609"}],"wp:featuredmedia":[{"embeddable":true,"href":"https:\/\/www.livrariarema.com.br\/loja\/wp-json\/wp\/v2\/media\/345413"}],"wp:attachment":[{"href":"https:\/\/www.livrariarema.com.br\/loja\/wp-json\/wp\/v2\/media?parent=238609"}],"wp:term":[{"taxonomy":"product_cat","embeddable":true,"href":"https:\/\/www.livrariarema.com.br\/loja\/wp-json\/wp\/v2\/product_cat?post=238609"},{"taxonomy":"product_tag","embeddable":true,"href":"https:\/\/www.livrariarema.com.br\/loja\/wp-json\/wp\/v2\/product_tag?post=238609"}],"curies":[{"name":"wp","href":"https:\/\/api.w.org\/{rel}","templated":true}]}}