{"id":239407,"date":"2023-06-26T11:23:52","date_gmt":"2023-06-26T14:23:52","guid":{"rendered":"https:\/\/www.livrariarema.com.br\/loja\/produtos\/sem categoria\/biblia-do-bebe-mais-historias-biblicas\/"},"modified":"2026-04-01T09:41:45","modified_gmt":"2026-04-01T12:41:45","slug":"biblia-do-bebe-mais-historias-biblicas","status":"publish","type":"product","link":"https:\/\/www.livrariarema.com.br\/loja\/produtos\/livros\/infantil\/biblia-do-bebe-mais-historias-biblicas\/","title":{"rendered":"B\u00edblia Do Beb\u00ea &#8211; Mais Hist\u00f3rias B\u00edblicas"},"content":{"rendered":"<p>Conte ao seu filho 22 lindas hist\u00f3rias da Palavra de Deus. Ele vai gostar muito de ler a B\u00edblia de uma maneira apropriada para sua idade. Estas hist\u00f3rias especialmente selecionadas e ricamente ilustradas v\u00e3o mostrar pessoas e lugares novos. Cada capitulo traz atividades simples e uma r\u00e1pida ora\u00e7\u00e3o para tornar a hist\u00f3ria mais real, al\u00e9m de semear a f\u00e9 no cora\u00e7\u00e3o do seu beb\u00ea. Aprender a Palavra de Deus \u00e9 divertido! Seu filho vai aguardar esses momentos em que voc\u00eas ver\u00e3o juntos as maravilhas da B\u00edblia.<\/p>\n","protected":false},"excerpt":{"rendered":"<p>Conte ao seu filho 22 lindas hist\u00f3rias da Palavra de Deus. Ele vai gostar muito de ler a B\u00edblia de&hellip;<\/p>\n","protected":false},"featured_media":0,"comment_status":"open","ping_status":"closed","template":"","meta":[],"product_cat":[144,134],"product_tag":[],"_links":{"self":[{"href":"https:\/\/www.livrariarema.com.br\/loja\/wp-json\/wp\/v2\/product\/239407"}],"collection":[{"href":"https:\/\/www.livrariarema.com.br\/loja\/wp-json\/wp\/v2\/product"}],"about":[{"href":"https:\/\/www.livrariarema.com.br\/loja\/wp-json\/wp\/v2\/types\/product"}],"replies":[{"embeddable":true,"href":"https:\/\/www.livrariarema.com.br\/loja\/wp-json\/wp\/v2\/comments?post=239407"}],"wp:attachment":[{"href":"https:\/\/www.livrariarema.com.br\/loja\/wp-json\/wp\/v2\/media?parent=239407"}],"wp:term":[{"taxonomy":"product_cat","embeddable":true,"href":"https:\/\/www.livrariarema.com.br\/loja\/wp-json\/wp\/v2\/product_cat?post=239407"},{"taxonomy":"product_tag","embeddable":true,"href":"https:\/\/www.livrariarema.com.br\/loja\/wp-json\/wp\/v2\/product_tag?post=239407"}],"curies":[{"name":"wp","href":"https:\/\/api.w.org\/{rel}","templated":true}]}}