{"id":239408,"date":"2023-06-26T11:23:59","date_gmt":"2023-06-26T14:23:59","guid":{"rendered":"https:\/\/www.livrariarema.com.br\/loja\/produtos\/sem categoria\/biblia-do-bebe-historias-sobre-jesus\/"},"modified":"2026-02-10T17:32:01","modified_gmt":"2026-02-10T20:32:01","slug":"biblia-do-bebe-historias-sobre-jesus","status":"publish","type":"product","link":"https:\/\/www.livrariarema.com.br\/loja\/produtos\/livros\/infantil\/biblia-do-bebe-historias-sobre-jesus\/","title":{"rendered":"B\u00edblia Do Beb\u00ea &#8211; Hist\u00f3rias Sobre Jesus"},"content":{"rendered":"<p>Seu beb\u00ea vai adorar ouvir sobre Jesus com este livro, B\u00edblia do Beb\u00ea &#8211; Hist\u00f3rias sobre Jesus. As hist\u00f3rias selecionadas e as ilustra\u00e7\u00f5es coloridas oferecem uma abordagem simples e adequada para pais e familiares ensinarem aos pequeninos sobre a vida de Cristo. Cada cap\u00edtulo inclui atividades que far\u00e3o seu filho interagir com a hist\u00f3ria, al\u00e9m de uma breve ora\u00e7\u00e3o. Aprender sobre Jesus ser\u00e1 divertido! Seu filho aguardar\u00e1 esses momentos especiais que dividir\u00e1 com voc\u00ea, descobrindo as maravilhas da Palavra de Deus.<\/p>\n","protected":false},"excerpt":{"rendered":"<p>Seu beb\u00ea vai adorar ouvir sobre Jesus com este livro, B\u00edblia do Beb\u00ea &#8211; Hist\u00f3rias sobre Jesus. As hist\u00f3rias selecionadas&hellip;<\/p>\n","protected":false},"featured_media":0,"comment_status":"open","ping_status":"closed","template":"","meta":[],"product_cat":[144,134],"product_tag":[],"_links":{"self":[{"href":"https:\/\/www.livrariarema.com.br\/loja\/wp-json\/wp\/v2\/product\/239408"}],"collection":[{"href":"https:\/\/www.livrariarema.com.br\/loja\/wp-json\/wp\/v2\/product"}],"about":[{"href":"https:\/\/www.livrariarema.com.br\/loja\/wp-json\/wp\/v2\/types\/product"}],"replies":[{"embeddable":true,"href":"https:\/\/www.livrariarema.com.br\/loja\/wp-json\/wp\/v2\/comments?post=239408"}],"wp:attachment":[{"href":"https:\/\/www.livrariarema.com.br\/loja\/wp-json\/wp\/v2\/media?parent=239408"}],"wp:term":[{"taxonomy":"product_cat","embeddable":true,"href":"https:\/\/www.livrariarema.com.br\/loja\/wp-json\/wp\/v2\/product_cat?post=239408"},{"taxonomy":"product_tag","embeddable":true,"href":"https:\/\/www.livrariarema.com.br\/loja\/wp-json\/wp\/v2\/product_tag?post=239408"}],"curies":[{"name":"wp","href":"https:\/\/api.w.org\/{rel}","templated":true}]}}