{"id":239409,"date":"2023-06-26T11:24:05","date_gmt":"2023-06-26T14:24:05","guid":{"rendered":"https:\/\/www.livrariarema.com.br\/loja\/produtos\/sem categoria\/biblia-do-bebe-animais-2\/"},"modified":"2026-03-21T11:20:40","modified_gmt":"2026-03-21T14:20:40","slug":"biblia-do-bebe-animais-2","status":"publish","type":"product","link":"https:\/\/www.livrariarema.com.br\/loja\/produtos\/livros\/infantil\/biblia-do-bebe-animais-2\/","title":{"rendered":"B\u00edblia Do Beb\u00ea &#8211; Animais"},"content":{"rendered":"<p>Conte ao seu filho hist\u00f3rias divertidas sobre animais citados na B\u00edblia. Ele vai gostar de aprender a respeito dos animais e vai se encantar com a maneira com que Deus criou cada um deles. Estas hist\u00f3rias coloridas foram feitas para chamar a aten\u00e7\u00e3o dos beb\u00eas. Cada hist\u00f3ria inclui atividades divertidas e uma ora\u00e7\u00e3o simples que ajudar\u00e1 seu filho a memorizar a Palavra de Deus.O livro B\u00edblia do Beb\u00ea &#8211; Animais traz uma maneira f\u00e1cil e divertida para voc\u00ea e seu filho ficarem juntos,celebrando o Reino Animal que Deus criou.<\/p>\n","protected":false},"excerpt":{"rendered":"<p>Conte ao seu filho hist\u00f3rias divertidas sobre animais citados na B\u00edblia. Ele vai gostar de aprender a respeito dos animais&hellip;<\/p>\n","protected":false},"featured_media":335790,"comment_status":"open","ping_status":"closed","template":"","meta":[],"product_cat":[144,134],"product_tag":[],"_links":{"self":[{"href":"https:\/\/www.livrariarema.com.br\/loja\/wp-json\/wp\/v2\/product\/239409"}],"collection":[{"href":"https:\/\/www.livrariarema.com.br\/loja\/wp-json\/wp\/v2\/product"}],"about":[{"href":"https:\/\/www.livrariarema.com.br\/loja\/wp-json\/wp\/v2\/types\/product"}],"replies":[{"embeddable":true,"href":"https:\/\/www.livrariarema.com.br\/loja\/wp-json\/wp\/v2\/comments?post=239409"}],"wp:featuredmedia":[{"embeddable":true,"href":"https:\/\/www.livrariarema.com.br\/loja\/wp-json\/wp\/v2\/media\/335790"}],"wp:attachment":[{"href":"https:\/\/www.livrariarema.com.br\/loja\/wp-json\/wp\/v2\/media?parent=239409"}],"wp:term":[{"taxonomy":"product_cat","embeddable":true,"href":"https:\/\/www.livrariarema.com.br\/loja\/wp-json\/wp\/v2\/product_cat?post=239409"},{"taxonomy":"product_tag","embeddable":true,"href":"https:\/\/www.livrariarema.com.br\/loja\/wp-json\/wp\/v2\/product_tag?post=239409"}],"curies":[{"name":"wp","href":"https:\/\/api.w.org\/{rel}","templated":true}]}}