{"id":239412,"date":"2023-06-26T11:24:25","date_gmt":"2023-06-26T14:24:25","guid":{"rendered":"https:\/\/www.livrariarema.com.br\/loja\/produtos\/sem categoria\/biblia-do-bebe-historias-biblicas\/"},"modified":"2026-01-05T18:17:20","modified_gmt":"2026-01-05T21:17:20","slug":"biblia-do-bebe-historias-biblicas","status":"publish","type":"product","link":"https:\/\/www.livrariarema.com.br\/loja\/produtos\/livros\/infantil\/biblia-do-bebe-historias-biblicas\/","title":{"rendered":"B\u00edblia Do Beb\u00ea &#8211; Hist\u00f3rias B\u00edblicas"},"content":{"rendered":"<p>Apresente ao seu filho a emo\u00e7\u00e3o de ler a B\u00edblia de um modo que ele vai gostar. As hist\u00f3rias &#8211; especialmente selecionadas e ricamente ilustradas &#8211; mostrar\u00e3o a ele pessoas e lugares novos. Cada cap\u00edtulo inclui atividades simples e uma ora\u00e7\u00e3o curta para aproximar a leitura da realidade dele. Aprender a Palavra de Deus \u00e9 divertido ! Seu filho vai ficar esperando por esses momentos especiais em que voc\u00eas compartilhar\u00e3o as maravilhas da palavra de Deus.<\/p>\n","protected":false},"excerpt":{"rendered":"<p>Apresente ao seu filho a emo\u00e7\u00e3o de ler a B\u00edblia de um modo que ele vai gostar. As hist\u00f3rias &#8211;&hellip;<\/p>\n","protected":false},"featured_media":0,"comment_status":"open","ping_status":"closed","template":"","meta":[],"product_cat":[144,134],"product_tag":[],"_links":{"self":[{"href":"https:\/\/www.livrariarema.com.br\/loja\/wp-json\/wp\/v2\/product\/239412"}],"collection":[{"href":"https:\/\/www.livrariarema.com.br\/loja\/wp-json\/wp\/v2\/product"}],"about":[{"href":"https:\/\/www.livrariarema.com.br\/loja\/wp-json\/wp\/v2\/types\/product"}],"replies":[{"embeddable":true,"href":"https:\/\/www.livrariarema.com.br\/loja\/wp-json\/wp\/v2\/comments?post=239412"}],"wp:attachment":[{"href":"https:\/\/www.livrariarema.com.br\/loja\/wp-json\/wp\/v2\/media?parent=239412"}],"wp:term":[{"taxonomy":"product_cat","embeddable":true,"href":"https:\/\/www.livrariarema.com.br\/loja\/wp-json\/wp\/v2\/product_cat?post=239412"},{"taxonomy":"product_tag","embeddable":true,"href":"https:\/\/www.livrariarema.com.br\/loja\/wp-json\/wp\/v2\/product_tag?post=239412"}],"curies":[{"name":"wp","href":"https:\/\/api.w.org\/{rel}","templated":true}]}}