{"id":239446,"date":"2023-06-26T15:50:00","date_gmt":"2023-06-26T18:50:00","guid":{"rendered":"https:\/\/www.livrariarema.com.br\/loja\/produtos\/sem categoria\/3-palavrinhas-deus-e-tao-bom-com-lapis-de-cor\/"},"modified":"2026-03-18T10:50:52","modified_gmt":"2026-03-18T13:50:52","slug":"3-palavrinhas-deus-e-tao-bom-com-lapis-de-cor","status":"publish","type":"product","link":"https:\/\/www.livrariarema.com.br\/loja\/produtos\/livros\/infantil\/3-palavrinhas-deus-e-tao-bom-com-lapis-de-cor\/","title":{"rendered":"3 Palavrinhas &#8211; Deus E Tao Bom &#8211; Com L\u00e1pis De Cor"},"content":{"rendered":"<p>Pegue seus l\u00e1pis de cor e prepare-se para muita divers\u00e3o com as atividades e os desenhos de colorir da turma de 3 Palavrinhas!<\/p>\n","protected":false},"excerpt":{"rendered":"<p>Pegue seus l\u00e1pis de cor e prepare-se para muita divers\u00e3o com as atividades e os desenhos de colorir da turma&hellip;<\/p>\n","protected":false},"featured_media":298985,"comment_status":"open","ping_status":"closed","template":"","meta":[],"product_cat":[144,134],"product_tag":[],"_links":{"self":[{"href":"https:\/\/www.livrariarema.com.br\/loja\/wp-json\/wp\/v2\/product\/239446"}],"collection":[{"href":"https:\/\/www.livrariarema.com.br\/loja\/wp-json\/wp\/v2\/product"}],"about":[{"href":"https:\/\/www.livrariarema.com.br\/loja\/wp-json\/wp\/v2\/types\/product"}],"replies":[{"embeddable":true,"href":"https:\/\/www.livrariarema.com.br\/loja\/wp-json\/wp\/v2\/comments?post=239446"}],"wp:featuredmedia":[{"embeddable":true,"href":"https:\/\/www.livrariarema.com.br\/loja\/wp-json\/wp\/v2\/media\/298985"}],"wp:attachment":[{"href":"https:\/\/www.livrariarema.com.br\/loja\/wp-json\/wp\/v2\/media?parent=239446"}],"wp:term":[{"taxonomy":"product_cat","embeddable":true,"href":"https:\/\/www.livrariarema.com.br\/loja\/wp-json\/wp\/v2\/product_cat?post=239446"},{"taxonomy":"product_tag","embeddable":true,"href":"https:\/\/www.livrariarema.com.br\/loja\/wp-json\/wp\/v2\/product_tag?post=239446"}],"curies":[{"name":"wp","href":"https:\/\/api.w.org\/{rel}","templated":true}]}}