{"id":239450,"date":"2023-06-26T15:50:13","date_gmt":"2023-06-26T18:50:13","guid":{"rendered":"https:\/\/www.livrariarema.com.br\/loja\/produtos\/sem%20categoria\/voce-sabe-o-quanto-deus-ama-voce-tammi-salzano\/"},"modified":"2025-12-12T12:10:35","modified_gmt":"2025-12-12T15:10:35","slug":"voce-sabe-o-quanto-deus-ama-voce-tammi-salzano","status":"publish","type":"product","link":"https:\/\/www.livrariarema.com.br\/loja\/produtos\/livros\/infantil\/voce-sabe-o-quanto-deus-ama-voce-tammi-salzano\/","title":{"rendered":"Amor De Deus &#8211; Voc\u00ea Sabe O Quanto Deus Ama Voc\u00ea? &#8211; Tammi Salzano"},"content":{"rendered":"<p>O amor que Deus sente por n\u00f3s \u00e9 maior que o oceano e as montanhas mais altas. \u00c9 um amor puro e verdadeiro que nos acompanha por toda a vida. A hist\u00f3ria deste livro \u00e9 linda e inspiradora, pois retrata a natureza e a beleza das esta\u00e7\u00f5es, a fim de nos mostrar o qu\u00e3o infinito \u00e9 o amor de Deus por cada um de n\u00f3s.<\/p>\n","protected":false},"excerpt":{"rendered":"<p>O amor que Deus sente por n\u00f3s \u00e9 maior que o oceano e as montanhas mais altas. \u00c9 um amor&hellip;<\/p>\n","protected":false},"featured_media":335570,"comment_status":"open","ping_status":"closed","template":"","meta":[],"product_cat":[144,134],"product_tag":[],"_links":{"self":[{"href":"https:\/\/www.livrariarema.com.br\/loja\/wp-json\/wp\/v2\/product\/239450"}],"collection":[{"href":"https:\/\/www.livrariarema.com.br\/loja\/wp-json\/wp\/v2\/product"}],"about":[{"href":"https:\/\/www.livrariarema.com.br\/loja\/wp-json\/wp\/v2\/types\/product"}],"replies":[{"embeddable":true,"href":"https:\/\/www.livrariarema.com.br\/loja\/wp-json\/wp\/v2\/comments?post=239450"}],"wp:featuredmedia":[{"embeddable":true,"href":"https:\/\/www.livrariarema.com.br\/loja\/wp-json\/wp\/v2\/media\/335570"}],"wp:attachment":[{"href":"https:\/\/www.livrariarema.com.br\/loja\/wp-json\/wp\/v2\/media?parent=239450"}],"wp:term":[{"taxonomy":"product_cat","embeddable":true,"href":"https:\/\/www.livrariarema.com.br\/loja\/wp-json\/wp\/v2\/product_cat?post=239450"},{"taxonomy":"product_tag","embeddable":true,"href":"https:\/\/www.livrariarema.com.br\/loja\/wp-json\/wp\/v2\/product_tag?post=239450"}],"curies":[{"name":"wp","href":"https:\/\/api.w.org\/{rel}","templated":true}]}}