{"id":239462,"date":"2023-06-26T15:51:00","date_gmt":"2023-06-26T18:51:00","guid":{"rendered":"https:\/\/www.livrariarema.com.br\/loja\/produtos\/sem categoria\/recortado-a-criacao\/"},"modified":"2026-03-12T18:41:30","modified_gmt":"2026-03-12T21:41:30","slug":"recortado-a-criacao","status":"publish","type":"product","link":"https:\/\/www.livrariarema.com.br\/loja\/produtos\/livros\/infantil\/recortado-a-criacao\/","title":{"rendered":"Recortado &#8211; A Cria\u00e7\u00e3o"},"content":{"rendered":"<p>No princ\u00edpio, a Terra era escura, e o Esp\u00edrito de Deus soprava sobre as \u00e1guas. Por sua Palavra, o Senhor fez todas as coisas e as deixou para n\u00f3s, como prova de seu grande amor&#8230;<\/p>\n","protected":false},"excerpt":{"rendered":"<p>No princ\u00edpio, a Terra era escura, e o Esp\u00edrito de Deus soprava sobre as \u00e1guas. Por sua Palavra, o Senhor&hellip;<\/p>\n","protected":false},"featured_media":329333,"comment_status":"open","ping_status":"closed","template":"","meta":[],"product_cat":[144,134],"product_tag":[],"_links":{"self":[{"href":"https:\/\/www.livrariarema.com.br\/loja\/wp-json\/wp\/v2\/product\/239462"}],"collection":[{"href":"https:\/\/www.livrariarema.com.br\/loja\/wp-json\/wp\/v2\/product"}],"about":[{"href":"https:\/\/www.livrariarema.com.br\/loja\/wp-json\/wp\/v2\/types\/product"}],"replies":[{"embeddable":true,"href":"https:\/\/www.livrariarema.com.br\/loja\/wp-json\/wp\/v2\/comments?post=239462"}],"wp:featuredmedia":[{"embeddable":true,"href":"https:\/\/www.livrariarema.com.br\/loja\/wp-json\/wp\/v2\/media\/329333"}],"wp:attachment":[{"href":"https:\/\/www.livrariarema.com.br\/loja\/wp-json\/wp\/v2\/media?parent=239462"}],"wp:term":[{"taxonomy":"product_cat","embeddable":true,"href":"https:\/\/www.livrariarema.com.br\/loja\/wp-json\/wp\/v2\/product_cat?post=239462"},{"taxonomy":"product_tag","embeddable":true,"href":"https:\/\/www.livrariarema.com.br\/loja\/wp-json\/wp\/v2\/product_tag?post=239462"}],"curies":[{"name":"wp","href":"https:\/\/api.w.org\/{rel}","templated":true}]}}