{"id":239465,"date":"2023-06-26T15:51:11","date_gmt":"2023-06-26T18:51:11","guid":{"rendered":"https:\/\/www.livrariarema.com.br\/loja\/produtos\/sem categoria\/artes-com-as-maos-tangram-para-criancas\/"},"modified":"2025-03-01T11:33:31","modified_gmt":"2025-03-01T14:33:31","slug":"artes-com-as-maos-tangram-para-criancas","status":"publish","type":"product","link":"https:\/\/www.livrariarema.com.br\/loja\/produtos\/livros\/infantil\/artes-com-as-maos-tangram-para-criancas\/","title":{"rendered":"Artes Com As M\u00e3os &#8211; Tangram Para Crian\u00e7as"},"content":{"rendered":"<p>Com o Tangram voc\u00ea pode montar in\u00fameras imagens usando as sete pe\u00e7as geom\u00e9tricas. Ele estimula a criatividade e melhor a no\u00e7\u00e3o espacial, entre outras coisas. Vamos brincar?<\/p>\n","protected":false},"excerpt":{"rendered":"<p>Com o Tangram voc\u00ea pode montar in\u00fameras imagens usando as sete pe\u00e7as geom\u00e9tricas. Ele estimula a criatividade e melhor a&hellip;<\/p>\n","protected":false},"featured_media":257351,"comment_status":"open","ping_status":"closed","template":"","meta":[],"product_cat":[144,134],"product_tag":[],"_links":{"self":[{"href":"https:\/\/www.livrariarema.com.br\/loja\/wp-json\/wp\/v2\/product\/239465"}],"collection":[{"href":"https:\/\/www.livrariarema.com.br\/loja\/wp-json\/wp\/v2\/product"}],"about":[{"href":"https:\/\/www.livrariarema.com.br\/loja\/wp-json\/wp\/v2\/types\/product"}],"replies":[{"embeddable":true,"href":"https:\/\/www.livrariarema.com.br\/loja\/wp-json\/wp\/v2\/comments?post=239465"}],"wp:featuredmedia":[{"embeddable":true,"href":"https:\/\/www.livrariarema.com.br\/loja\/wp-json\/wp\/v2\/media\/257351"}],"wp:attachment":[{"href":"https:\/\/www.livrariarema.com.br\/loja\/wp-json\/wp\/v2\/media?parent=239465"}],"wp:term":[{"taxonomy":"product_cat","embeddable":true,"href":"https:\/\/www.livrariarema.com.br\/loja\/wp-json\/wp\/v2\/product_cat?post=239465"},{"taxonomy":"product_tag","embeddable":true,"href":"https:\/\/www.livrariarema.com.br\/loja\/wp-json\/wp\/v2\/product_tag?post=239465"}],"curies":[{"name":"wp","href":"https:\/\/api.w.org\/{rel}","templated":true}]}}