{"id":239642,"date":"2023-06-26T18:29:36","date_gmt":"2023-06-26T21:29:36","guid":{"rendered":"https:\/\/www.livrariarema.com.br\/loja\/produtos\/sem categoria\/livro-quebra-cabeca-a-arca-de-noe\/"},"modified":"2026-02-20T12:13:48","modified_gmt":"2026-02-20T15:13:48","slug":"livro-quebra-cabeca-a-arca-de-noe","status":"publish","type":"product","link":"https:\/\/www.livrariarema.com.br\/loja\/produtos\/livros\/infantil\/livro-quebra-cabeca-a-arca-de-noe\/","title":{"rendered":"Livro Quebra-Cabe\u00e7a &#8211; A Arca De No\u00e9"},"content":{"rendered":"<p>Certo dia, um bondoso homem chamado Noe recebeu um aviso dos c\u00e9us: ele deveria construir uma imensa arca. Qual ser\u00e1 o motivo? Leia o livro para descobrir e divirta-se montando os quebra-cabe\u00e7as!<\/p>\n","protected":false},"excerpt":{"rendered":"<p>Certo dia, um bondoso homem chamado Noe recebeu um aviso dos c\u00e9us: ele deveria construir uma imensa arca. Qual ser\u00e1&hellip;<\/p>\n","protected":false},"featured_media":0,"comment_status":"open","ping_status":"closed","template":"","meta":[],"product_cat":[144,134],"product_tag":[],"_links":{"self":[{"href":"https:\/\/www.livrariarema.com.br\/loja\/wp-json\/wp\/v2\/product\/239642"}],"collection":[{"href":"https:\/\/www.livrariarema.com.br\/loja\/wp-json\/wp\/v2\/product"}],"about":[{"href":"https:\/\/www.livrariarema.com.br\/loja\/wp-json\/wp\/v2\/types\/product"}],"replies":[{"embeddable":true,"href":"https:\/\/www.livrariarema.com.br\/loja\/wp-json\/wp\/v2\/comments?post=239642"}],"wp:attachment":[{"href":"https:\/\/www.livrariarema.com.br\/loja\/wp-json\/wp\/v2\/media?parent=239642"}],"wp:term":[{"taxonomy":"product_cat","embeddable":true,"href":"https:\/\/www.livrariarema.com.br\/loja\/wp-json\/wp\/v2\/product_cat?post=239642"},{"taxonomy":"product_tag","embeddable":true,"href":"https:\/\/www.livrariarema.com.br\/loja\/wp-json\/wp\/v2\/product_tag?post=239642"}],"curies":[{"name":"wp","href":"https:\/\/api.w.org\/{rel}","templated":true}]}}