{"id":239644,"date":"2023-06-26T18:29:43","date_gmt":"2023-06-26T21:29:43","guid":{"rendered":"https:\/\/www.livrariarema.com.br\/loja\/produtos\/sem categoria\/livro-quebra-cabeca-a-criacao\/"},"modified":"2026-03-23T13:42:34","modified_gmt":"2026-03-23T16:42:34","slug":"livro-quebra-cabeca-a-criacao","status":"publish","type":"product","link":"https:\/\/www.livrariarema.com.br\/loja\/produtos\/livros\/infantil\/livro-quebra-cabeca-a-criacao\/","title":{"rendered":"Livro Quebra-Cabe\u00e7a &#8211; A Cria\u00e7\u00e3o"},"content":{"rendered":"<p>Durante sete dias, Deus criou o universo: a luz, o mar, os animais, o homem e a mulher. Leia o livro para saber um pouco mais sobre essa incr\u00edvel cria\u00e7\u00e3o de Deus e divirta-se montando os quebra-cabe\u00e7as!<\/p>\n","protected":false},"excerpt":{"rendered":"<p>Durante sete dias, Deus criou o universo: a luz, o mar, os animais, o homem e a mulher. Leia o&hellip;<\/p>\n","protected":false},"featured_media":318995,"comment_status":"open","ping_status":"closed","template":"","meta":[],"product_cat":[144,134],"product_tag":[],"_links":{"self":[{"href":"https:\/\/www.livrariarema.com.br\/loja\/wp-json\/wp\/v2\/product\/239644"}],"collection":[{"href":"https:\/\/www.livrariarema.com.br\/loja\/wp-json\/wp\/v2\/product"}],"about":[{"href":"https:\/\/www.livrariarema.com.br\/loja\/wp-json\/wp\/v2\/types\/product"}],"replies":[{"embeddable":true,"href":"https:\/\/www.livrariarema.com.br\/loja\/wp-json\/wp\/v2\/comments?post=239644"}],"wp:featuredmedia":[{"embeddable":true,"href":"https:\/\/www.livrariarema.com.br\/loja\/wp-json\/wp\/v2\/media\/318995"}],"wp:attachment":[{"href":"https:\/\/www.livrariarema.com.br\/loja\/wp-json\/wp\/v2\/media?parent=239644"}],"wp:term":[{"taxonomy":"product_cat","embeddable":true,"href":"https:\/\/www.livrariarema.com.br\/loja\/wp-json\/wp\/v2\/product_cat?post=239644"},{"taxonomy":"product_tag","embeddable":true,"href":"https:\/\/www.livrariarema.com.br\/loja\/wp-json\/wp\/v2\/product_tag?post=239644"}],"curies":[{"name":"wp","href":"https:\/\/api.w.org\/{rel}","templated":true}]}}