{"id":239661,"date":"2023-06-26T18:31:14","date_gmt":"2023-06-26T21:31:14","guid":{"rendered":"https:\/\/www.livrariarema.com.br\/loja\/produtos\/sem categoria\/pais-brilhantes-ferramentas-para-gestao-da-emocao-augusto-cury\/"},"modified":"2025-11-24T12:29:53","modified_gmt":"2025-11-24T15:29:53","slug":"pais-brilhantes-ferramentas-para-gestao-da-emocao-augusto-cury","status":"publish","type":"product","link":"https:\/\/www.livrariarema.com.br\/loja\/produtos\/livros\/motivacao\/pais-brilhantes-ferramentas-para-gestao-da-emocao-augusto-cury\/","title":{"rendered":"Pais Brilhantes &#8211; Ferramentas Para Gest\u00e3o Da Emo\u00e7\u00e3o &#8211; Augusto Cury"},"content":{"rendered":"<p>Educar filhos \u00e9 uma tarefa complexa e desafiadora, mas Augusto Cury nos oferece um caminho para cri\u00e1-los saud\u00e1veis emocionalmente, de modo que desenvolvam seus talentos, tenham a mente livre e sejam protagonistas da pr\u00f3pria vida, tomando decis\u00f5es com seguran\u00e7a e assertividade. Um verdadeiro manual sobre como o ser humano precisa lidar com as emo\u00e7\u00f5es.<\/p>\n","protected":false},"excerpt":{"rendered":"<p>Educar filhos \u00e9 uma tarefa complexa e desafiadora, mas Augusto Cury nos oferece um caminho para cri\u00e1-los saud\u00e1veis emocionalmente, de&hellip;<\/p>\n","protected":false},"featured_media":341329,"comment_status":"open","ping_status":"closed","template":"","meta":[],"product_cat":[134,211],"product_tag":[],"_links":{"self":[{"href":"https:\/\/www.livrariarema.com.br\/loja\/wp-json\/wp\/v2\/product\/239661"}],"collection":[{"href":"https:\/\/www.livrariarema.com.br\/loja\/wp-json\/wp\/v2\/product"}],"about":[{"href":"https:\/\/www.livrariarema.com.br\/loja\/wp-json\/wp\/v2\/types\/product"}],"replies":[{"embeddable":true,"href":"https:\/\/www.livrariarema.com.br\/loja\/wp-json\/wp\/v2\/comments?post=239661"}],"wp:featuredmedia":[{"embeddable":true,"href":"https:\/\/www.livrariarema.com.br\/loja\/wp-json\/wp\/v2\/media\/341329"}],"wp:attachment":[{"href":"https:\/\/www.livrariarema.com.br\/loja\/wp-json\/wp\/v2\/media?parent=239661"}],"wp:term":[{"taxonomy":"product_cat","embeddable":true,"href":"https:\/\/www.livrariarema.com.br\/loja\/wp-json\/wp\/v2\/product_cat?post=239661"},{"taxonomy":"product_tag","embeddable":true,"href":"https:\/\/www.livrariarema.com.br\/loja\/wp-json\/wp\/v2\/product_tag?post=239661"}],"curies":[{"name":"wp","href":"https:\/\/api.w.org\/{rel}","templated":true}]}}