{"id":239687,"date":"2023-06-26T18:33:44","date_gmt":"2023-06-26T21:33:44","guid":{"rendered":"https:\/\/www.livrariarema.com.br\/loja\/produtos\/sem categoria\/livro-quebra-cabeca-o-nascimento-de-jesus\/"},"modified":"2025-10-04T12:00:45","modified_gmt":"2025-10-04T15:00:45","slug":"livro-quebra-cabeca-o-nascimento-de-jesus","status":"publish","type":"product","link":"https:\/\/www.livrariarema.com.br\/loja\/produtos\/livros\/infantil\/livro-quebra-cabeca-o-nascimento-de-jesus\/","title":{"rendered":"Livro Quebra-Cabe\u00e7a &#8211; O Nascimento De Jesus"},"content":{"rendered":"<p>A jovem Maria recebeu uma miss\u00e3o muito especial: dar \u00e1 luz o filho de Deus. Leia a hist\u00f3ria do nascimento de Jesus, brinque com os quebra-cabe\u00e7as e divirta-se!<\/p>\n","protected":false},"excerpt":{"rendered":"<p>A jovem Maria recebeu uma miss\u00e3o muito especial: dar \u00e1 luz o filho de Deus. Leia a hist\u00f3ria do nascimento&hellip;<\/p>\n","protected":false},"featured_media":319160,"comment_status":"open","ping_status":"closed","template":"","meta":[],"product_cat":[144,134],"product_tag":[],"_links":{"self":[{"href":"https:\/\/www.livrariarema.com.br\/loja\/wp-json\/wp\/v2\/product\/239687"}],"collection":[{"href":"https:\/\/www.livrariarema.com.br\/loja\/wp-json\/wp\/v2\/product"}],"about":[{"href":"https:\/\/www.livrariarema.com.br\/loja\/wp-json\/wp\/v2\/types\/product"}],"replies":[{"embeddable":true,"href":"https:\/\/www.livrariarema.com.br\/loja\/wp-json\/wp\/v2\/comments?post=239687"}],"wp:featuredmedia":[{"embeddable":true,"href":"https:\/\/www.livrariarema.com.br\/loja\/wp-json\/wp\/v2\/media\/319160"}],"wp:attachment":[{"href":"https:\/\/www.livrariarema.com.br\/loja\/wp-json\/wp\/v2\/media?parent=239687"}],"wp:term":[{"taxonomy":"product_cat","embeddable":true,"href":"https:\/\/www.livrariarema.com.br\/loja\/wp-json\/wp\/v2\/product_cat?post=239687"},{"taxonomy":"product_tag","embeddable":true,"href":"https:\/\/www.livrariarema.com.br\/loja\/wp-json\/wp\/v2\/product_tag?post=239687"}],"curies":[{"name":"wp","href":"https:\/\/api.w.org\/{rel}","templated":true}]}}