{"id":239760,"date":"2023-06-27T11:56:55","date_gmt":"2023-06-27T14:56:55","guid":{"rendered":"https:\/\/www.livrariarema.com.br\/loja\/produtos\/sem categoria\/arc065hlglv-biblia-com-harpa-letra-grande-luxo-preta\/"},"modified":"2026-04-22T13:30:25","modified_gmt":"2026-04-22T16:30:25","slug":"arc065hlglv-biblia-com-harpa-letra-grande-luxo-preta","status":"publish","type":"product","link":"https:\/\/www.livrariarema.com.br\/loja\/produtos\/biblias\/revista-corrigida-com-harpa\/arc065hlglv-biblia-com-harpa-letra-grande-luxo-preta\/","title":{"rendered":"Arc065hlglv &#8211; B\u00edblia Com Harpa &#8211; Letra Grande &#8211; Luxo &#8211; Preta"},"content":{"rendered":"<p>\u00edblia Sagrada com palavras de Jesus impressas em vermelho e Harpa Crist\u00e3. Esta edi\u00e7\u00e3o \u00e9 ideal para quem busca conforto na leitura da Palavra de Deus.<\/p>\n","protected":false},"excerpt":{"rendered":"<p>\u00edblia Sagrada com palavras de Jesus impressas em vermelho e Harpa Crist\u00e3. Esta edi\u00e7\u00e3o \u00e9 ideal para quem busca conforto&hellip;<\/p>\n","protected":false},"featured_media":335456,"comment_status":"open","ping_status":"closed","template":"","meta":[],"product_cat":[139,151],"product_tag":[],"_links":{"self":[{"href":"https:\/\/www.livrariarema.com.br\/loja\/wp-json\/wp\/v2\/product\/239760"}],"collection":[{"href":"https:\/\/www.livrariarema.com.br\/loja\/wp-json\/wp\/v2\/product"}],"about":[{"href":"https:\/\/www.livrariarema.com.br\/loja\/wp-json\/wp\/v2\/types\/product"}],"replies":[{"embeddable":true,"href":"https:\/\/www.livrariarema.com.br\/loja\/wp-json\/wp\/v2\/comments?post=239760"}],"wp:featuredmedia":[{"embeddable":true,"href":"https:\/\/www.livrariarema.com.br\/loja\/wp-json\/wp\/v2\/media\/335456"}],"wp:attachment":[{"href":"https:\/\/www.livrariarema.com.br\/loja\/wp-json\/wp\/v2\/media?parent=239760"}],"wp:term":[{"taxonomy":"product_cat","embeddable":true,"href":"https:\/\/www.livrariarema.com.br\/loja\/wp-json\/wp\/v2\/product_cat?post=239760"},{"taxonomy":"product_tag","embeddable":true,"href":"https:\/\/www.livrariarema.com.br\/loja\/wp-json\/wp\/v2\/product_tag?post=239760"}],"curies":[{"name":"wp","href":"https:\/\/api.w.org\/{rel}","templated":true}]}}