{"id":239762,"date":"2023-06-27T11:57:00","date_gmt":"2023-06-27T14:57:00","guid":{"rendered":"https:\/\/www.livrariarema.com.br\/loja\/produtos\/sem categoria\/arc065hlglv-biblia-com-harpa-letra-grande-luxo-marrom\/"},"modified":"2026-01-29T16:17:32","modified_gmt":"2026-01-29T19:17:32","slug":"arc065hlglv-biblia-com-harpa-letra-grande-luxo-marrom","status":"publish","type":"product","link":"https:\/\/www.livrariarema.com.br\/loja\/produtos\/biblias\/revista-corrigida-com-harpa\/arc065hlglv-biblia-com-harpa-letra-grande-luxo-marrom\/","title":{"rendered":"Arc065hlglv &#8211; B\u00edblia Com Harpa &#8211; Letra Grande &#8211; Luxo &#8211; Marrom"},"content":{"rendered":"<p>\u00edblia Sagrada com palavras de Jesus impressas em vermelho e Harpa Crist\u00e3. Esta edi\u00e7\u00e3o \u00e9 ideal para quem busca conforto na leitura da Palavra de Deus.<\/p>\n","protected":false},"excerpt":{"rendered":"<p>\u00edblia Sagrada com palavras de Jesus impressas em vermelho e Harpa Crist\u00e3. Esta edi\u00e7\u00e3o \u00e9 ideal para quem busca conforto&hellip;<\/p>\n","protected":false},"featured_media":343884,"comment_status":"open","ping_status":"closed","template":"","meta":[],"product_cat":[139,151],"product_tag":[],"_links":{"self":[{"href":"https:\/\/www.livrariarema.com.br\/loja\/wp-json\/wp\/v2\/product\/239762"}],"collection":[{"href":"https:\/\/www.livrariarema.com.br\/loja\/wp-json\/wp\/v2\/product"}],"about":[{"href":"https:\/\/www.livrariarema.com.br\/loja\/wp-json\/wp\/v2\/types\/product"}],"replies":[{"embeddable":true,"href":"https:\/\/www.livrariarema.com.br\/loja\/wp-json\/wp\/v2\/comments?post=239762"}],"wp:featuredmedia":[{"embeddable":true,"href":"https:\/\/www.livrariarema.com.br\/loja\/wp-json\/wp\/v2\/media\/343884"}],"wp:attachment":[{"href":"https:\/\/www.livrariarema.com.br\/loja\/wp-json\/wp\/v2\/media?parent=239762"}],"wp:term":[{"taxonomy":"product_cat","embeddable":true,"href":"https:\/\/www.livrariarema.com.br\/loja\/wp-json\/wp\/v2\/product_cat?post=239762"},{"taxonomy":"product_tag","embeddable":true,"href":"https:\/\/www.livrariarema.com.br\/loja\/wp-json\/wp\/v2\/product_tag?post=239762"}],"curies":[{"name":"wp","href":"https:\/\/api.w.org\/{rel}","templated":true}]}}