{"id":240659,"date":"2023-07-03T16:40:59","date_gmt":"2023-07-03T19:40:59","guid":{"rendered":"https:\/\/www.livrariarema.com.br\/loja\/produtos\/sem%20categoria\/eu-ainda-digo-sim-fortalecendo-o-casamento-nos-momentos-decisivos-dave-harvey\/"},"modified":"2026-03-16T13:24:03","modified_gmt":"2026-03-16T16:24:03","slug":"eu-ainda-digo-sim-fortalecendo-o-casamento-nos-momentos-decisivos-dave-harvey","status":"publish","type":"product","link":"https:\/\/www.livrariarema.com.br\/loja\/produtos\/livros\/casamento\/eu-ainda-digo-sim-fortalecendo-o-casamento-nos-momentos-decisivos-dave-harvey\/","title":{"rendered":"Eu Ainda Digo &#8220;Sim&#8221; &#8211; Fortalecendo O Casamento Nos Momentos Decisivos &#8211; Dave Harvey"},"content":{"rendered":"<p>UM CASAMENTO DURADOURO \u00c9 CONSTRU\u00cdDO A CADA MOMENTO DECISIVO<\/p>\n<p>Quando seu c\u00f4njuge sofre; quando os sonhos s\u00e3o frustrados; quando voc\u00ea \u00e9 tentado a apontar o dedo; quando os filhos saem de casa&#8230; S\u00e3o em momentos como esses que nossos pensamentos e a\u00e7\u00f5es em rela\u00e7\u00e3o ao outro determinam se o nosso casamento ir\u00e1 persistir ou vacilar. <br \/>\nDave Harvey, autor do best-seller &#8220;Quando pecadores dizem sim&#8221;, ir\u00e1 ajud\u00e1-lo a reconhecer os momentos decisivos de um casamento consolidado, a fim de que voc\u00ea tenha uma abordagem proativa e piedosa para resolver conflitos, ajudar um ao outro quando chegarem as mudan\u00e7as inevit\u00e1veis e garantir que seu casamento n\u00e3o apenas sobreviva, mas tamb\u00e9m prospere.<\/p>\n","protected":false},"excerpt":{"rendered":"<p>UM CASAMENTO DURADOURO \u00c9 CONSTRU\u00cdDO A CADA MOMENTO DECISIVO Quando seu c\u00f4njuge sofre; quando os sonhos s\u00e3o frustrados; quando voc\u00ea&hellip;<\/p>\n","protected":false},"featured_media":346277,"comment_status":"open","ping_status":"closed","template":"","meta":[],"product_cat":[155,134],"product_tag":[],"_links":{"self":[{"href":"https:\/\/www.livrariarema.com.br\/loja\/wp-json\/wp\/v2\/product\/240659"}],"collection":[{"href":"https:\/\/www.livrariarema.com.br\/loja\/wp-json\/wp\/v2\/product"}],"about":[{"href":"https:\/\/www.livrariarema.com.br\/loja\/wp-json\/wp\/v2\/types\/product"}],"replies":[{"embeddable":true,"href":"https:\/\/www.livrariarema.com.br\/loja\/wp-json\/wp\/v2\/comments?post=240659"}],"wp:featuredmedia":[{"embeddable":true,"href":"https:\/\/www.livrariarema.com.br\/loja\/wp-json\/wp\/v2\/media\/346277"}],"wp:attachment":[{"href":"https:\/\/www.livrariarema.com.br\/loja\/wp-json\/wp\/v2\/media?parent=240659"}],"wp:term":[{"taxonomy":"product_cat","embeddable":true,"href":"https:\/\/www.livrariarema.com.br\/loja\/wp-json\/wp\/v2\/product_cat?post=240659"},{"taxonomy":"product_tag","embeddable":true,"href":"https:\/\/www.livrariarema.com.br\/loja\/wp-json\/wp\/v2\/product_tag?post=240659"}],"curies":[{"name":"wp","href":"https:\/\/api.w.org\/{rel}","templated":true}]}}