{"id":240680,"date":"2023-07-03T16:42:28","date_gmt":"2023-07-03T19:42:28","guid":{"rendered":"https:\/\/www.livrariarema.com.br\/loja\/produtos\/sem%20categoria\/aquietai-vos-elisabeth-elliot\/"},"modified":"2026-03-16T13:26:00","modified_gmt":"2026-03-16T16:26:00","slug":"aquietai-vos-elisabeth-elliot","status":"publish","type":"product","link":"https:\/\/www.livrariarema.com.br\/loja\/produtos\/livros\/devocional\/aquietai-vos-elisabeth-elliot\/","title":{"rendered":"Aquietai-Vos &#8211; Elisabeth Elliot"},"content":{"rendered":"<p>Quando a vida fica agitada, cheia de compromissos e voc\u00ea sente o peso do cansa\u00e7o di\u00e1rio, onde busca por um pouco de paz e sossego? <br \/>\nElisabeth Elliot encontrou em um \u00fanico lugar: nos bra\u00e7os envolventes de nosso onipotente e infinitamente amoroso Pai celestial. <br \/>\nEsse \u00e9 o prop\u00f3sito deste livro. &#8220;Aquietai-vos&#8221; \u00e9 uma colet\u00e2nea exclusiva de mais de 100 artigos escritos por Elisabeth Elliot, cuja leitura a levar\u00e1 a um ref\u00fagio tranquilo \u00e0 medida que a autora for conduzindo voc\u00ea para um caminhar mais profundo e apraz\u00edvel com Deus.<\/p>\n","protected":false},"excerpt":{"rendered":"<p>Quando a vida fica agitada, cheia de compromissos e voc\u00ea sente o peso do cansa\u00e7o di\u00e1rio, onde busca por um&hellip;<\/p>\n","protected":false},"featured_media":346292,"comment_status":"open","ping_status":"closed","template":"","meta":[],"product_cat":[158,134],"product_tag":[],"_links":{"self":[{"href":"https:\/\/www.livrariarema.com.br\/loja\/wp-json\/wp\/v2\/product\/240680"}],"collection":[{"href":"https:\/\/www.livrariarema.com.br\/loja\/wp-json\/wp\/v2\/product"}],"about":[{"href":"https:\/\/www.livrariarema.com.br\/loja\/wp-json\/wp\/v2\/types\/product"}],"replies":[{"embeddable":true,"href":"https:\/\/www.livrariarema.com.br\/loja\/wp-json\/wp\/v2\/comments?post=240680"}],"wp:featuredmedia":[{"embeddable":true,"href":"https:\/\/www.livrariarema.com.br\/loja\/wp-json\/wp\/v2\/media\/346292"}],"wp:attachment":[{"href":"https:\/\/www.livrariarema.com.br\/loja\/wp-json\/wp\/v2\/media?parent=240680"}],"wp:term":[{"taxonomy":"product_cat","embeddable":true,"href":"https:\/\/www.livrariarema.com.br\/loja\/wp-json\/wp\/v2\/product_cat?post=240680"},{"taxonomy":"product_tag","embeddable":true,"href":"https:\/\/www.livrariarema.com.br\/loja\/wp-json\/wp\/v2\/product_tag?post=240680"}],"curies":[{"name":"wp","href":"https:\/\/api.w.org\/{rel}","templated":true}]}}