{"id":240688,"date":"2023-07-03T16:42:52","date_gmt":"2023-07-03T19:42:52","guid":{"rendered":"https:\/\/www.livrariarema.com.br\/loja\/produtos\/sem%20categoria\/quando-pecadores-dizem-sim-dave-harvey\/"},"modified":"2026-03-16T13:27:10","modified_gmt":"2026-03-16T16:27:10","slug":"quando-pecadores-dizem-sim-dave-harvey","status":"publish","type":"product","link":"https:\/\/www.livrariarema.com.br\/loja\/produtos\/livros\/casamento\/quando-pecadores-dizem-sim-dave-harvey\/","title":{"rendered":"Quando Pecadores Dizem Sim &#8211; Dave Harvey"},"content":{"rendered":"<p>O casamento \u00e9 a uni\u00e3o de duas pessoas que chegam ao altar com uma bagagem surpreendentemente grande. Em geral, ela se abre durante a lua-de-mel; \u00e0s vezes, espera at\u00e9 a semana seguinte. A B\u00edblia chama-a de pecado. Compreender a sua influ\u00eancia pode fazer toda a diferen\u00e7a para um homem e uma mulher que est\u00e3o construindo a vida juntos. Quando Pecadores Dizem &#8220;Sim&#8221; aborda a import\u00e2ncia do poder transformador do evangelho na imprevis\u00edvel jornada do casamento. O estilo de reda\u00e7\u00e3o de Dave Harvey cativa o leitor, enquanto fala com honestidade e, \u00e0s vezes, humor a respeito do pecado e do poder do evangelho para venc\u00ea-lo. Ele descortina a maravilhosa verdade da Palavra de Deus e encoraja o leitor a perceber com mais clareza o glorioso panorama do que Deus faz quando pecadores dizem &#8220;sim&#8221;.<\/p>\n","protected":false},"excerpt":{"rendered":"<p>O casamento \u00e9 a uni\u00e3o de duas pessoas que chegam ao altar com uma bagagem surpreendentemente grande. Em geral, ela&hellip;<\/p>\n","protected":false},"featured_media":346295,"comment_status":"open","ping_status":"closed","template":"","meta":[],"product_cat":[155,134],"product_tag":[],"_links":{"self":[{"href":"https:\/\/www.livrariarema.com.br\/loja\/wp-json\/wp\/v2\/product\/240688"}],"collection":[{"href":"https:\/\/www.livrariarema.com.br\/loja\/wp-json\/wp\/v2\/product"}],"about":[{"href":"https:\/\/www.livrariarema.com.br\/loja\/wp-json\/wp\/v2\/types\/product"}],"replies":[{"embeddable":true,"href":"https:\/\/www.livrariarema.com.br\/loja\/wp-json\/wp\/v2\/comments?post=240688"}],"wp:featuredmedia":[{"embeddable":true,"href":"https:\/\/www.livrariarema.com.br\/loja\/wp-json\/wp\/v2\/media\/346295"}],"wp:attachment":[{"href":"https:\/\/www.livrariarema.com.br\/loja\/wp-json\/wp\/v2\/media?parent=240688"}],"wp:term":[{"taxonomy":"product_cat","embeddable":true,"href":"https:\/\/www.livrariarema.com.br\/loja\/wp-json\/wp\/v2\/product_cat?post=240688"},{"taxonomy":"product_tag","embeddable":true,"href":"https:\/\/www.livrariarema.com.br\/loja\/wp-json\/wp\/v2\/product_tag?post=240688"}],"curies":[{"name":"wp","href":"https:\/\/api.w.org\/{rel}","templated":true}]}}