{"id":241187,"date":"2023-07-06T15:45:58","date_gmt":"2023-07-06T18:45:58","guid":{"rendered":"https:\/\/www.livrariarema.com.br\/loja\/produtos\/sem categoria\/desafio-de-amar-para-os-pais-o\/"},"modified":"2026-02-23T15:44:55","modified_gmt":"2026-02-23T18:44:55","slug":"desafio-de-amar-para-os-pais-o","status":"publish","type":"product","link":"https:\/\/www.livrariarema.com.br\/loja\/produtos\/livros\/familia\/desafio-de-amar-para-os-pais-o\/","title":{"rendered":"Desafio De Amar Para Os Pais, O"},"content":{"rendered":"<p>Mesmo que os pais almejem jornadas frut\u00edferas para seus filhos, muitas das vezes, n\u00e3o t\u00eam um plano de a\u00e7\u00e3o claro, desperdi\u00e7ando anos de oportunidades.<br \/>\nO livro ajuda m\u00e3es e pais a valorizar, desfrutar e produzir impacto na vida de seus filhos em cada uma das etapas da vida. Seguindo o formato do sucesso de vendas, na obra O Desafio de Amar, com o novo percurso de 40 dias, os pais s\u00e3o desafiados a mostrar o amor de forma cotidiana e a inserir respeito e intimidade na rela\u00e7\u00e3o com sua fam\u00edlia a longo prazo.<br \/>\nO seu amor pode tocar o cora\u00e7\u00e3o de seus filhos, independente de sua idade, podendo, assim, ganhar seu respeito, edificar seu car\u00e1ter e aben\u00e7oar seu futuro.<\/p>\n<p>Com pr\u00e1ticas comprovadas, um guia estrat\u00e9gico de ora\u00e7\u00e3o e acesso a uma avalia\u00e7\u00e3o gratuita de seu desempenho na cria\u00e7\u00e3o, essa \u00e9 uma travessia do desafio de amar pela qual todo pai deveria desbravar caminhos.<\/p>\n","protected":false},"excerpt":{"rendered":"<p>Mesmo que os pais almejem jornadas frut\u00edferas para seus filhos, muitas das vezes, n\u00e3o t\u00eam um plano de a\u00e7\u00e3o claro,&hellip;<\/p>\n","protected":false},"featured_media":345177,"comment_status":"open","ping_status":"closed","template":"","meta":[],"product_cat":[178,134],"product_tag":[],"_links":{"self":[{"href":"https:\/\/www.livrariarema.com.br\/loja\/wp-json\/wp\/v2\/product\/241187"}],"collection":[{"href":"https:\/\/www.livrariarema.com.br\/loja\/wp-json\/wp\/v2\/product"}],"about":[{"href":"https:\/\/www.livrariarema.com.br\/loja\/wp-json\/wp\/v2\/types\/product"}],"replies":[{"embeddable":true,"href":"https:\/\/www.livrariarema.com.br\/loja\/wp-json\/wp\/v2\/comments?post=241187"}],"wp:featuredmedia":[{"embeddable":true,"href":"https:\/\/www.livrariarema.com.br\/loja\/wp-json\/wp\/v2\/media\/345177"}],"wp:attachment":[{"href":"https:\/\/www.livrariarema.com.br\/loja\/wp-json\/wp\/v2\/media?parent=241187"}],"wp:term":[{"taxonomy":"product_cat","embeddable":true,"href":"https:\/\/www.livrariarema.com.br\/loja\/wp-json\/wp\/v2\/product_cat?post=241187"},{"taxonomy":"product_tag","embeddable":true,"href":"https:\/\/www.livrariarema.com.br\/loja\/wp-json\/wp\/v2\/product_tag?post=241187"}],"curies":[{"name":"wp","href":"https:\/\/api.w.org\/{rel}","templated":true}]}}