{"id":241254,"date":"2023-07-06T16:42:09","date_gmt":"2023-07-06T19:42:09","guid":{"rendered":"https:\/\/www.livrariarema.com.br\/loja\/produtos\/sem categoria\/biblia-king-james-1611-bilingue-marrom\/"},"modified":"2026-02-23T15:50:54","modified_gmt":"2026-02-23T18:50:54","slug":"biblia-king-james-1611-bilingue-marrom","status":"publish","type":"product","link":"https:\/\/www.livrariarema.com.br\/loja\/produtos\/biblias\/king-james\/biblia-king-james-1611-bilingue-marrom\/","title":{"rendered":"B\u00edblia King James 1611 &#8211; Bil\u00edngue &#8211; Marrom"},"content":{"rendered":"<p>A King James Version \u00e9 a B\u00edblia mais lida, vendida e amada em todo mundo. <br \/>\nSabemos qu\u00e3o importante \u00e9 essa joia para o povo da l\u00edngua inglesa, sabemos da grande import\u00e2ncia em ter a KJV traduzida para o portugu\u00eas. <br \/>\nA KJV somente existe em ingl\u00eas e portugu\u00eas, para nenhum outro idioma ela foi traduzida, um desafio que perdura at\u00e9 hoje. <br \/>\nComo prova da fidelidade do texto em portugu\u00eas da BKJ1611 estamos lan\u00e7ando essa edi\u00e7\u00e3o especial bil\u00edngue da KJV\/BKJ. <br \/>\nH\u00e1 diversas tradu\u00e7\u00f5es da B\u00edblia em muitas livrarias, e todas s\u00e3o confi\u00e1veis. <br \/>\nPor mais agradecidos que somos por tantas tradu\u00e7\u00f5es, cremos que h\u00e1 v\u00e1rios aspectos distintos que fazem da B\u00edblia King James 1611 (BKJ 1611) uma das tradu\u00e7\u00f5es b\u00edblicas mais emocionantes, significativas e a mais fiel ao Textus Receptus de nosso tempo.<\/p>\n","protected":false},"excerpt":{"rendered":"<p>A King James Version \u00e9 a B\u00edblia mais lida, vendida e amada em todo mundo. Sabemos qu\u00e3o importante \u00e9 essa&hellip;<\/p>\n","protected":false},"featured_media":345215,"comment_status":"open","ping_status":"closed","template":"","meta":[],"product_cat":[139,233],"product_tag":[],"_links":{"self":[{"href":"https:\/\/www.livrariarema.com.br\/loja\/wp-json\/wp\/v2\/product\/241254"}],"collection":[{"href":"https:\/\/www.livrariarema.com.br\/loja\/wp-json\/wp\/v2\/product"}],"about":[{"href":"https:\/\/www.livrariarema.com.br\/loja\/wp-json\/wp\/v2\/types\/product"}],"replies":[{"embeddable":true,"href":"https:\/\/www.livrariarema.com.br\/loja\/wp-json\/wp\/v2\/comments?post=241254"}],"wp:featuredmedia":[{"embeddable":true,"href":"https:\/\/www.livrariarema.com.br\/loja\/wp-json\/wp\/v2\/media\/345215"}],"wp:attachment":[{"href":"https:\/\/www.livrariarema.com.br\/loja\/wp-json\/wp\/v2\/media?parent=241254"}],"wp:term":[{"taxonomy":"product_cat","embeddable":true,"href":"https:\/\/www.livrariarema.com.br\/loja\/wp-json\/wp\/v2\/product_cat?post=241254"},{"taxonomy":"product_tag","embeddable":true,"href":"https:\/\/www.livrariarema.com.br\/loja\/wp-json\/wp\/v2\/product_tag?post=241254"}],"curies":[{"name":"wp","href":"https:\/\/api.w.org\/{rel}","templated":true}]}}